{"id":52,"date":"2025-07-13T15:36:41","date_gmt":"2025-07-13T15:36:41","guid":{"rendered":"http:\/\/www.autosurplateau.com\/?page_id=52"},"modified":"2025-07-14T05:26:57","modified_gmt":"2025-07-14T05:26:57","slug":"demande-de-devis","status":"publish","type":"page","link":"https:\/\/www.autosurplateau.com\/index.php\/demande-de-devis\/","title":{"rendered":"Demande de devis"},"content":{"rendered":"\t\t<div data-elementor-type=\"wp-page\" data-elementor-id=\"52\" class=\"elementor elementor-52\">\n\t\t\t\t<div class=\"elementor-element elementor-element-629f6b1 e-flex e-con-boxed e-con e-parent\" data-id=\"629f6b1\" data-element_type=\"container\">\n\t\t\t\t\t<div class=\"e-con-inner\">\n\t\t\t\t<div class=\"elementor-element elementor-element-5eeb06d elementor-align-center elementor-widget elementor-widget-button\" data-id=\"5eeb06d\" data-element_type=\"widget\" data-widget_type=\"button.default\">\n\t\t\t\t\t\t\t\t\t\t<a class=\"elementor-button elementor-button-link elementor-size-sm\" href=\"#\">\n\t\t\t\t\t\t<span class=\"elementor-button-content-wrapper\">\n\t\t\t\t\t\t<span class=\"elementor-button-icon\">\n\t\t\t\t<svg aria-hidden=\"true\" class=\"e-font-icon-svg e-fas-phone-alt\" viewBox=\"0 0 512 512\" xmlns=\"http:\/\/www.w3.org\/2000\/svg\"><path d=\"M497.39 361.8l-112-48a24 24 0 0 0-28 6.9l-49.6 60.6A370.66 370.66 0 0 1 130.6 204.11l60.6-49.6a23.94 23.94 0 0 0 6.9-28l-48-112A24.16 24.16 0 0 0 122.6.61l-104 24A24 24 0 0 0 0 48c0 256.5 207.9 464 464 464a24 24 0 0 0 23.4-18.6l24-104a24.29 24.29 0 0 0-14.01-27.6z\"><\/path><\/svg>\t\t\t<\/span>\n\t\t\t\t\t\t\t\t\t<span class=\"elementor-button-text\">07.69.94.45.85<\/span>\n\t\t\t\t\t<\/span>\n\t\t\t\t\t<\/a>\n\t\t\t\t\t\t\t\t<\/div>\n\t\t\t\t<div class=\"elementor-element elementor-element-0b0eef8 elementor-widget elementor-widget-heading\" data-id=\"0b0eef8\" data-element_type=\"widget\" data-widget_type=\"heading.default\">\n\t\t\t\t\t<h2 class=\"elementor-heading-title elementor-size-default\">Demande de devis \u2013 Transport de v\u00e9hicules<\/h2>\t\t\t\t<\/div>\n\t\t\t\t\t<\/div>\n\t\t\t\t<\/div>\n\t\t<div class=\"elementor-element elementor-element-c27556b e-flex e-con-boxed e-con e-parent\" data-id=\"c27556b\" data-element_type=\"container\">\n\t\t\t\t\t<div class=\"e-con-inner\">\n\t\t\t\t<div class=\"elementor-element elementor-element-7d59d09 elementor-widget elementor-widget-text-editor\" data-id=\"7d59d09\" data-element_type=\"widget\" data-widget_type=\"text-editor.default\">\n\t\t\t\t\t\t\t\t\t<p>Vous souhaitez faire transporter un v\u00e9hicule ? <br \/>Remplissez le formulaire ci-dessous, devis transport de v\u00e9hicule sur plateau, notre \u00e9quipe vous r\u00e9pond **sous 24h** avec un devis personnalis\u00e9. <br \/>Transport en France ou en Europe \u2013 Professionnels et particuliers bienvenus.<\/p><p>Formulaire de demande de devis transport de v\u00e9hicule sur plateau<\/p><p>Merci de renseigner les informations suivantes pour que nous puissions vous faire une offre pr\u00e9cise :<\/p>\n<div class=\"wpcf7 no-js\" id=\"wpcf7-f75-o1\" lang=\"fr-FR\" dir=\"ltr\" data-wpcf7-id=\"75\">\n<div class=\"screen-reader-response\"><p role=\"status\" aria-live=\"polite\" aria-atomic=\"true\"><\/p> <ul><\/ul><\/div>\n<form action=\"\/index.php\/wp-json\/wp\/v2\/pages\/52#wpcf7-f75-o1\" method=\"post\" class=\"wpcf7-form init\" aria-label=\"Formulaire de contact\" novalidate=\"novalidate\" data-status=\"init\">\n<fieldset class=\"hidden-fields-container\"><input type=\"hidden\" name=\"_wpcf7\" value=\"75\" \/><input type=\"hidden\" name=\"_wpcf7_version\" value=\"6.1\" \/><input type=\"hidden\" name=\"_wpcf7_locale\" value=\"fr_FR\" \/><input type=\"hidden\" name=\"_wpcf7_unit_tag\" value=\"wpcf7-f75-o1\" \/><input type=\"hidden\" name=\"_wpcf7_container_post\" value=\"0\" \/><input type=\"hidden\" name=\"_wpcf7_posted_data_hash\" value=\"\" \/>\n<\/fieldset>\n<p><label> Nom :<br \/>\n<span class=\"wpcf7-form-control-wrap\" data-name=\"your-name\"><input size=\"40\" maxlength=\"400\" class=\"wpcf7-form-control wpcf7-text wpcf7-validates-as-required\" aria-required=\"true\" aria-invalid=\"false\" value=\"\" type=\"text\" name=\"your-name\" \/><\/span> <\/label>\n<\/p>\n<p><label> T\u00e9l\u00e9phone :<br \/>\n<span class=\"wpcf7-form-control-wrap\" data-name=\"your-phone\"><input size=\"40\" maxlength=\"400\" class=\"wpcf7-form-control wpcf7-tel wpcf7-validates-as-required wpcf7-text wpcf7-validates-as-tel\" aria-required=\"true\" aria-invalid=\"false\" value=\"\" type=\"tel\" name=\"your-phone\" \/><\/span> <\/label>\n<\/p>\n<p><label> E-mail :<br \/>\n<span class=\"wpcf7-form-control-wrap\" data-name=\"your-email\"><input size=\"40\" maxlength=\"400\" class=\"wpcf7-form-control wpcf7-email wpcf7-validates-as-required wpcf7-text wpcf7-validates-as-email\" aria-required=\"true\" aria-invalid=\"false\" value=\"\" type=\"email\" name=\"your-email\" \/><\/span> <\/label>\n<\/p>\n<p><label> Ville de d\u00e9part :<br \/>\n<span class=\"wpcf7-form-control-wrap\" data-name=\"adresse-depart\"><input size=\"40\" maxlength=\"400\" class=\"wpcf7-form-control wpcf7-text wpcf7-validates-as-required\" aria-required=\"true\" aria-invalid=\"false\" value=\"\" type=\"text\" name=\"adresse-depart\" \/><\/span> <\/label>\n<\/p>\n<p><label> Ville d\u2019arriv\u00e9e :<br \/>\n<span class=\"wpcf7-form-control-wrap\" data-name=\"adresse-arrivee\"><input size=\"40\" maxlength=\"400\" class=\"wpcf7-form-control wpcf7-text wpcf7-validates-as-required\" aria-required=\"true\" aria-invalid=\"false\" value=\"\" type=\"text\" name=\"adresse-arrivee\" \/><\/span> <\/label>\n<\/p>\n<p><label> Type de v\u00e9hicule (marque, mod\u00e8le) :<br \/>\n<span class=\"wpcf7-form-control-wrap\" data-name=\"type-vehicule\"><input size=\"40\" maxlength=\"400\" class=\"wpcf7-form-control wpcf7-text wpcf7-validates-as-required\" aria-required=\"true\" aria-invalid=\"false\" value=\"\" type=\"text\" name=\"type-vehicule\" \/><\/span> <\/label>\n<\/p>\n<p><label> Poids approximatif (facultatif) :<br \/>\n<span class=\"wpcf7-form-control-wrap\" data-name=\"poids-vehicule\"><input size=\"40\" maxlength=\"400\" class=\"wpcf7-form-control wpcf7-text\" aria-invalid=\"false\" value=\"\" type=\"text\" name=\"poids-vehicule\" \/><\/span> <\/label>\n<\/p>\n<p><label> Date souhait\u00e9e :<br \/>\n<span class=\"wpcf7-form-control-wrap\" data-name=\"date-transport\"><input class=\"wpcf7-form-control wpcf7-date wpcf7-validates-as-required wpcf7-validates-as-date\" aria-required=\"true\" aria-invalid=\"false\" value=\"\" type=\"date\" name=\"date-transport\" \/><\/span> <\/label>\n<\/p>\n<p><label> Message compl\u00e9mentaire :<br \/>\n<span class=\"wpcf7-form-control-wrap\" data-name=\"your-message\"><textarea cols=\"40\" rows=\"10\" maxlength=\"2000\" class=\"wpcf7-form-control wpcf7-textarea\" aria-invalid=\"false\" name=\"your-message\"><\/textarea><\/span> <\/label>\n<\/p>\n<p><input class=\"wpcf7-form-control wpcf7-submit has-spinner\" type=\"submit\" value=\"Envoyer la demande de devis\" \/>\n<\/p><div class=\"wpcf7-response-output\" aria-hidden=\"true\"><\/div>\n<\/form>\n<\/div>\n<p>Un devis urgent ?<\/p><p>Appelez-nous directement au 07.69.94.45.85<br \/>ou envoyez un e-mail \u00e0 bvincent.lmr@gmail.com<\/p><p>Taxi Bertrand \u2013 Transport de v\u00e9hicules sur plateau <br \/>Rapide, fiable, assur\u00e9.<\/p>\t\t\t\t\t\t\t\t<\/div>\n\t\t\t\t\t<\/div>\n\t\t\t\t<\/div>\n\t\t<div class=\"elementor-element elementor-element-751a000 e-flex e-con-boxed e-con e-parent\" data-id=\"751a000\" data-element_type=\"container\">\n\t\t\t\t\t<div class=\"e-con-inner\">\n\t\t\t\t<div class=\"elementor-element elementor-element-5e26725 elementor-widget elementor-widget-image\" data-id=\"5e26725\" data-element_type=\"widget\" data-widget_type=\"image.default\">\n\t\t\t\t\t\t\t\t\t\t\t\t\t\t\t<img fetchpriority=\"high\" decoding=\"async\" width=\"1024\" height=\"768\" src=\"https:\/\/www.autosurplateau.com\/wp-content\/uploads\/2025\/07\/2-transport-vehicules-porte-voiture-1024x768-1.jpg\" class=\"attachment-large size-large wp-image-151\" alt=\"\" srcset=\"https:\/\/www.autosurplateau.com\/wp-content\/uploads\/2025\/07\/2-transport-vehicules-porte-voiture-1024x768-1.jpg 1024w, https:\/\/www.autosurplateau.com\/wp-content\/uploads\/2025\/07\/2-transport-vehicules-porte-voiture-1024x768-1-300x225.jpg 300w, https:\/\/www.autosurplateau.com\/wp-content\/uploads\/2025\/07\/2-transport-vehicules-porte-voiture-1024x768-1-768x576.jpg 768w\" sizes=\"(max-width: 1024px) 100vw, 1024px\" \/>\t\t\t\t\t\t\t\t\t\t\t\t\t\t\t<\/div>\n\t\t\t\t\t<\/div>\n\t\t\t\t<\/div>\n\t\t<div class=\"elementor-element elementor-element-cd30667 e-flex e-con-boxed e-con e-parent\" data-id=\"cd30667\" data-element_type=\"container\">\n\t\t\t\t\t<div class=\"e-con-inner\">\n\t\t\t\t<div class=\"elementor-element elementor-element-2ea9d51 elementor-widget elementor-widget-text-editor\" data-id=\"2ea9d51\" data-element_type=\"widget\" data-widget_type=\"text-editor.default\">\n\t\t\t\t\t\t\t\t\t<p data-start=\"359\" data-end=\"655\">La FFC est une r\u00e9f\u00e9rence dans le secteur de l\u2019automobile, notamment pour tout ce qui concerne la carrosserie, le remorquage et le transport de v\u00e9hicules.<\/p><blockquote data-start=\"704\" data-end=\"873\"><p data-start=\"706\" data-end=\"873\">Pour en savoir plus sur les normes et bonnes pratiques du transport automobile, consultez la F\u00e9d\u00e9ration Fran\u00e7aise de Carrosserie :<br data-start=\"836\" data-end=\"839\" \/>\ud83d\udc49 <a class=\"\" href=\"https:\/\/www.ffc.fr\/\" target=\"_new\" rel=\"noopener\" data-start=\"844\" data-end=\"873\">ffc.fr<\/a><\/p><\/blockquote><p><blockquote class=\"wp-embedded-content\" data-secret=\"zGGcw4P7gm\"><a href=\"https:\/\/www.autosurplateau.com\/index.php\/qui-sommes-nous\/\">Qui sommes nous ?<\/a><\/blockquote><iframe class=\"wp-embedded-content\" sandbox=\"allow-scripts\" security=\"restricted\" style=\"position: absolute; visibility: hidden;\" title=\"\u00ab\u00a0Qui sommes nous ?\u00a0\u00bb &#8212; Auto sur Plateau\" src=\"https:\/\/www.autosurplateau.com\/index.php\/qui-sommes-nous\/embed\/#?secret=eP8gzokjr4#?secret=zGGcw4P7gm\" data-secret=\"zGGcw4P7gm\" width=\"500\" height=\"282\" frameborder=\"0\" marginwidth=\"0\" marginheight=\"0\" scrolling=\"no\"><\/iframe><\/p>\t\t\t\t\t\t\t\t<\/div>\n\t\t\t\t\t<\/div>\n\t\t\t\t<\/div>\n\t\t\t\t<\/div>\n\t\t","protected":false},"excerpt":{"rendered":"<p>07.69.94.45.85 Demande de devis \u2013 Transport de v\u00e9hicules Vous souhaitez faire transporter un v\u00e9hicule ? Remplissez le formulaire ci-dessous, devis [&hellip;]<\/p>\n","protected":false},"author":1,"featured_media":0,"parent":0,"menu_order":0,"comment_status":"closed","ping_status":"closed","template":"","meta":{"site-sidebar-layout":"no-sidebar","site-content-layout":"","ast-site-content-layout":"full-width-container","site-content-style":"default","site-sidebar-style":"default","ast-global-header-display":"","ast-banner-title-visibility":"","ast-main-header-display":"","ast-hfb-above-header-display":"","ast-hfb-below-header-display":"","ast-hfb-mobile-header-display":"","site-post-title":"disabled","ast-breadcrumbs-content":"","ast-featured-img":"disabled","footer-sml-layout":"","theme-transparent-header-meta":"","adv-header-id-meta":"","stick-header-meta":"","header-above-stick-meta":"","header-main-stick-meta":"","header-below-stick-meta":"","astra-migrate-meta-layouts":"default","ast-page-background-enabled":"default","ast-page-background-meta":{"desktop":{"background-color":"var(--ast-global-color-5)","background-image":"","background-repeat":"repeat","background-position":"center center","background-size":"auto","background-attachment":"scroll","background-type":"","background-media":"","overlay-type":"","overlay-color":"","overlay-opacity":"","overlay-gradient":""},"tablet":{"background-color":"","background-image":"","background-repeat":"repeat","background-position":"center center","background-size":"auto","background-attachment":"scroll","background-type":"","background-media":"","overlay-type":"","overlay-color":"","overlay-opacity":"","overlay-gradient":""},"mobile":{"background-color":"","background-image":"","background-repeat":"repeat","background-position":"center center","background-size":"auto","background-attachment":"scroll","background-type":"","background-media":"","overlay-type":"","overlay-color":"","overlay-opacity":"","overlay-gradient":""}},"ast-content-background-meta":{"desktop":{"background-color":"var(--ast-global-color-4)","background-image":"","background-repeat":"repeat","background-position":"center center","background-size":"auto","background-attachment":"scroll","background-type":"","background-media":"","overlay-type":"","overlay-color":"","overlay-opacity":"","overlay-gradient":""},"tablet":{"background-color":"var(--ast-global-color-4)","background-image":"","background-repeat":"repeat","background-position":"center center","background-size":"auto","background-attachment":"scroll","background-type":"","background-media":"","overlay-type":"","overlay-color":"","overlay-opacity":"","overlay-gradient":""},"mobile":{"background-color":"var(--ast-global-color-4)","background-image":"","background-repeat":"repeat","background-position":"center center","background-size":"auto","background-attachment":"scroll","background-type":"","background-media":"","overlay-type":"","overlay-color":"","overlay-opacity":"","overlay-gradient":""}},"footnotes":""},"class_list":["post-52","page","type-page","status-publish","hentry"],"yoast_head":"<!-- This site is optimized with the Yoast SEO plugin v25.4 - https:\/\/yoast.com\/wordpress\/plugins\/seo\/ -->\n<title>Obtenez un Devis Gratuit pour transport de v\u00e9hicule sur plateau<\/title>\n<meta name=\"description\" content=\"Devis gratuit et sans engagement pour transport de v\u00e9hicule sur plateau. D\u00e9couvrez nos tarifs comp\u00e9titifs et un service fiable.\" \/>\n<meta name=\"robots\" content=\"index, follow, max-snippet:-1, max-image-preview:large, max-video-preview:-1\" \/>\n<link rel=\"canonical\" href=\"https:\/\/www.autosurplateau.com\/index.php\/demande-de-devis\/\" \/>\n<meta property=\"og:locale\" content=\"fr_FR\" \/>\n<meta property=\"og:type\" content=\"article\" \/>\n<meta property=\"og:title\" content=\"Obtenez un Devis Gratuit pour transport de v\u00e9hicule sur plateau\" \/>\n<meta property=\"og:description\" content=\"Devis gratuit et sans engagement pour transport de v\u00e9hicule sur plateau. D\u00e9couvrez nos tarifs comp\u00e9titifs et un service fiable.\" \/>\n<meta property=\"og:url\" content=\"https:\/\/www.autosurplateau.com\/index.php\/demande-de-devis\/\" \/>\n<meta property=\"og:site_name\" content=\"Auto sur Plateau\" \/>\n<meta property=\"article:modified_time\" content=\"2025-07-14T05:26:57+00:00\" \/>\n<meta property=\"og:image\" content=\"https:\/\/www.autosurplateau.com\/wp-content\/uploads\/2025\/07\/2-transport-vehicules-porte-voiture-1024x768-1.jpg\" \/>\n<meta name=\"twitter:card\" content=\"summary_large_image\" \/>\n<meta name=\"twitter:label1\" content=\"Dur\u00e9e de lecture estim\u00e9e\" \/>\n\t<meta name=\"twitter:data1\" content=\"1 minute\" \/>\n<script type=\"application\/ld+json\" class=\"yoast-schema-graph\">{\"@context\":\"https:\/\/schema.org\",\"@graph\":[{\"@type\":\"WebPage\",\"@id\":\"https:\/\/www.autosurplateau.com\/index.php\/demande-de-devis\/\",\"url\":\"https:\/\/www.autosurplateau.com\/index.php\/demande-de-devis\/\",\"name\":\"Obtenez un Devis Gratuit pour transport de v\u00e9hicule sur plateau\",\"isPartOf\":{\"@id\":\"https:\/\/www.autosurplateau.com\/#website\"},\"primaryImageOfPage\":{\"@id\":\"https:\/\/www.autosurplateau.com\/index.php\/demande-de-devis\/#primaryimage\"},\"image\":{\"@id\":\"https:\/\/www.autosurplateau.com\/index.php\/demande-de-devis\/#primaryimage\"},\"thumbnailUrl\":\"https:\/\/www.autosurplateau.com\/wp-content\/uploads\/2025\/07\/2-transport-vehicules-porte-voiture-1024x768-1.jpg\",\"datePublished\":\"2025-07-13T15:36:41+00:00\",\"dateModified\":\"2025-07-14T05:26:57+00:00\",\"description\":\"Devis gratuit et sans engagement pour transport de v\u00e9hicule sur plateau. D\u00e9couvrez nos tarifs comp\u00e9titifs et un service fiable.\",\"breadcrumb\":{\"@id\":\"https:\/\/www.autosurplateau.com\/index.php\/demande-de-devis\/#breadcrumb\"},\"inLanguage\":\"fr-FR\",\"potentialAction\":[{\"@type\":\"ReadAction\",\"target\":[\"https:\/\/www.autosurplateau.com\/index.php\/demande-de-devis\/\"]}]},{\"@type\":\"ImageObject\",\"inLanguage\":\"fr-FR\",\"@id\":\"https:\/\/www.autosurplateau.com\/index.php\/demande-de-devis\/#primaryimage\",\"url\":\"https:\/\/www.autosurplateau.com\/wp-content\/uploads\/2025\/07\/2-transport-vehicules-porte-voiture-1024x768-1.jpg\",\"contentUrl\":\"https:\/\/www.autosurplateau.com\/wp-content\/uploads\/2025\/07\/2-transport-vehicules-porte-voiture-1024x768-1.jpg\",\"width\":1024,\"height\":768},{\"@type\":\"BreadcrumbList\",\"@id\":\"https:\/\/www.autosurplateau.com\/index.php\/demande-de-devis\/#breadcrumb\",\"itemListElement\":[{\"@type\":\"ListItem\",\"position\":1,\"name\":\"Accueil\",\"item\":\"https:\/\/www.autosurplateau.com\/\"},{\"@type\":\"ListItem\",\"position\":2,\"name\":\"Demande de devis\"}]},{\"@type\":\"WebSite\",\"@id\":\"https:\/\/www.autosurplateau.com\/#website\",\"url\":\"https:\/\/www.autosurplateau.com\/\",\"name\":\"Auto sur Plateau\",\"description\":\"Pour vous par nous\",\"publisher\":{\"@id\":\"https:\/\/www.autosurplateau.com\/#organization\"},\"potentialAction\":[{\"@type\":\"SearchAction\",\"target\":{\"@type\":\"EntryPoint\",\"urlTemplate\":\"https:\/\/www.autosurplateau.com\/?s={search_term_string}\"},\"query-input\":{\"@type\":\"PropertyValueSpecification\",\"valueRequired\":true,\"valueName\":\"search_term_string\"}}],\"inLanguage\":\"fr-FR\"},{\"@type\":\"Organization\",\"@id\":\"https:\/\/www.autosurplateau.com\/#organization\",\"name\":\"Auto sur Plateau\",\"url\":\"https:\/\/www.autosurplateau.com\/\",\"logo\":{\"@type\":\"ImageObject\",\"inLanguage\":\"fr-FR\",\"@id\":\"https:\/\/www.autosurplateau.com\/#\/schema\/logo\/image\/\",\"url\":\"https:\/\/www.autosurplateau.com\/wp-content\/uploads\/2025\/07\/cropped-IconOnly_Transparent_NoBuffer-1.png\",\"contentUrl\":\"https:\/\/www.autosurplateau.com\/wp-content\/uploads\/2025\/07\/cropped-IconOnly_Transparent_NoBuffer-1.png\",\"width\":70,\"height\":70,\"caption\":\"Auto sur Plateau\"},\"image\":{\"@id\":\"https:\/\/www.autosurplateau.com\/#\/schema\/logo\/image\/\"}}]}<\/script>\n<!-- \/ Yoast SEO plugin. -->","yoast_head_json":{"title":"Obtenez un Devis Gratuit pour transport de v\u00e9hicule sur plateau","description":"Devis gratuit et sans engagement pour transport de v\u00e9hicule sur plateau. D\u00e9couvrez nos tarifs comp\u00e9titifs et un service fiable.","robots":{"index":"index","follow":"follow","max-snippet":"max-snippet:-1","max-image-preview":"max-image-preview:large","max-video-preview":"max-video-preview:-1"},"canonical":"https:\/\/www.autosurplateau.com\/index.php\/demande-de-devis\/","og_locale":"fr_FR","og_type":"article","og_title":"Obtenez un Devis Gratuit pour transport de v\u00e9hicule sur plateau","og_description":"Devis gratuit et sans engagement pour transport de v\u00e9hicule sur plateau. D\u00e9couvrez nos tarifs comp\u00e9titifs et un service fiable.","og_url":"https:\/\/www.autosurplateau.com\/index.php\/demande-de-devis\/","og_site_name":"Auto sur Plateau","article_modified_time":"2025-07-14T05:26:57+00:00","og_image":[{"url":"https:\/\/www.autosurplateau.com\/wp-content\/uploads\/2025\/07\/2-transport-vehicules-porte-voiture-1024x768-1.jpg","type":"","width":"","height":""}],"twitter_card":"summary_large_image","twitter_misc":{"Dur\u00e9e de lecture estim\u00e9e":"1 minute"},"schema":{"@context":"https:\/\/schema.org","@graph":[{"@type":"WebPage","@id":"https:\/\/www.autosurplateau.com\/index.php\/demande-de-devis\/","url":"https:\/\/www.autosurplateau.com\/index.php\/demande-de-devis\/","name":"Obtenez un Devis Gratuit pour transport de v\u00e9hicule sur plateau","isPartOf":{"@id":"https:\/\/www.autosurplateau.com\/#website"},"primaryImageOfPage":{"@id":"https:\/\/www.autosurplateau.com\/index.php\/demande-de-devis\/#primaryimage"},"image":{"@id":"https:\/\/www.autosurplateau.com\/index.php\/demande-de-devis\/#primaryimage"},"thumbnailUrl":"https:\/\/www.autosurplateau.com\/wp-content\/uploads\/2025\/07\/2-transport-vehicules-porte-voiture-1024x768-1.jpg","datePublished":"2025-07-13T15:36:41+00:00","dateModified":"2025-07-14T05:26:57+00:00","description":"Devis gratuit et sans engagement pour transport de v\u00e9hicule sur plateau. D\u00e9couvrez nos tarifs comp\u00e9titifs et un service fiable.","breadcrumb":{"@id":"https:\/\/www.autosurplateau.com\/index.php\/demande-de-devis\/#breadcrumb"},"inLanguage":"fr-FR","potentialAction":[{"@type":"ReadAction","target":["https:\/\/www.autosurplateau.com\/index.php\/demande-de-devis\/"]}]},{"@type":"ImageObject","inLanguage":"fr-FR","@id":"https:\/\/www.autosurplateau.com\/index.php\/demande-de-devis\/#primaryimage","url":"https:\/\/www.autosurplateau.com\/wp-content\/uploads\/2025\/07\/2-transport-vehicules-porte-voiture-1024x768-1.jpg","contentUrl":"https:\/\/www.autosurplateau.com\/wp-content\/uploads\/2025\/07\/2-transport-vehicules-porte-voiture-1024x768-1.jpg","width":1024,"height":768},{"@type":"BreadcrumbList","@id":"https:\/\/www.autosurplateau.com\/index.php\/demande-de-devis\/#breadcrumb","itemListElement":[{"@type":"ListItem","position":1,"name":"Accueil","item":"https:\/\/www.autosurplateau.com\/"},{"@type":"ListItem","position":2,"name":"Demande de devis"}]},{"@type":"WebSite","@id":"https:\/\/www.autosurplateau.com\/#website","url":"https:\/\/www.autosurplateau.com\/","name":"Auto sur Plateau","description":"Pour vous par nous","publisher":{"@id":"https:\/\/www.autosurplateau.com\/#organization"},"potentialAction":[{"@type":"SearchAction","target":{"@type":"EntryPoint","urlTemplate":"https:\/\/www.autosurplateau.com\/?s={search_term_string}"},"query-input":{"@type":"PropertyValueSpecification","valueRequired":true,"valueName":"search_term_string"}}],"inLanguage":"fr-FR"},{"@type":"Organization","@id":"https:\/\/www.autosurplateau.com\/#organization","name":"Auto sur Plateau","url":"https:\/\/www.autosurplateau.com\/","logo":{"@type":"ImageObject","inLanguage":"fr-FR","@id":"https:\/\/www.autosurplateau.com\/#\/schema\/logo\/image\/","url":"https:\/\/www.autosurplateau.com\/wp-content\/uploads\/2025\/07\/cropped-IconOnly_Transparent_NoBuffer-1.png","contentUrl":"https:\/\/www.autosurplateau.com\/wp-content\/uploads\/2025\/07\/cropped-IconOnly_Transparent_NoBuffer-1.png","width":70,"height":70,"caption":"Auto sur Plateau"},"image":{"@id":"https:\/\/www.autosurplateau.com\/#\/schema\/logo\/image\/"}}]}},"_links":{"self":[{"href":"https:\/\/www.autosurplateau.com\/index.php\/wp-json\/wp\/v2\/pages\/52","targetHints":{"allow":["GET"]}}],"collection":[{"href":"https:\/\/www.autosurplateau.com\/index.php\/wp-json\/wp\/v2\/pages"}],"about":[{"href":"https:\/\/www.autosurplateau.com\/index.php\/wp-json\/wp\/v2\/types\/page"}],"author":[{"embeddable":true,"href":"https:\/\/www.autosurplateau.com\/index.php\/wp-json\/wp\/v2\/users\/1"}],"replies":[{"embeddable":true,"href":"https:\/\/www.autosurplateau.com\/index.php\/wp-json\/wp\/v2\/comments?post=52"}],"version-history":[{"count":44,"href":"https:\/\/www.autosurplateau.com\/index.php\/wp-json\/wp\/v2\/pages\/52\/revisions"}],"predecessor-version":[{"id":190,"href":"https:\/\/www.autosurplateau.com\/index.php\/wp-json\/wp\/v2\/pages\/52\/revisions\/190"}],"wp:attachment":[{"href":"https:\/\/www.autosurplateau.com\/index.php\/wp-json\/wp\/v2\/media?parent=52"}],"curies":[{"name":"wp","href":"https:\/\/api.w.org\/{rel}","templated":true}]}}