{"id":47,"date":"2025-07-13T15:36:16","date_gmt":"2025-07-13T15:36:16","guid":{"rendered":"http:\/\/www.autosurplateau.com\/?page_id=47"},"modified":"2025-07-13T19:48:05","modified_gmt":"2025-07-13T19:48:05","slug":"qui-sommes-nous","status":"publish","type":"page","link":"https:\/\/www.autosurplateau.com\/index.php\/qui-sommes-nous\/","title":{"rendered":"Qui sommes nous ?"},"content":{"rendered":"\t\t<div data-elementor-type=\"wp-page\" data-elementor-id=\"47\" class=\"elementor elementor-47\">\n\t\t\t\t<div class=\"elementor-element elementor-element-77817e7 e-flex e-con-boxed e-con e-parent\" data-id=\"77817e7\" data-element_type=\"container\">\n\t\t\t\t\t<div class=\"e-con-inner\">\n\t\t\t\t<div class=\"elementor-element elementor-element-5c4fe55 elementor-widget elementor-widget-heading\" data-id=\"5c4fe55\" data-element_type=\"widget\" data-widget_type=\"heading.default\">\n\t\t\t\t\t<h2 class=\"elementor-heading-title elementor-size-default\">Qui sommes-nous ?<\/h2>\t\t\t\t<\/div>\n\t\t\t\t\t<\/div>\n\t\t\t\t<\/div>\n\t\t<div class=\"elementor-element elementor-element-79100d3 e-flex e-con-boxed e-con e-parent\" data-id=\"79100d3\" data-element_type=\"container\">\n\t\t\t\t\t<div class=\"e-con-inner\">\n\t\t\t\t<div class=\"elementor-element elementor-element-fbe372d elementor-widget elementor-widget-text-editor\" data-id=\"fbe372d\" data-element_type=\"widget\" data-widget_type=\"text-editor.default\">\n\t\t\t\t\t\t\t\t\t<p>Taxi Bertrand est une soci\u00e9t\u00e9 sp\u00e9cialis\u00e9e dans le transport de v\u00e9hicules sur plateau, \u00e0 destination des professionnels comme des particuliers.<\/p><p>Notre mission <br \/>Vous garantir un service rapide, s\u00e9curis\u00e9 et adapt\u00e9 \u00e0 vos besoins pour le transport de v\u00e9hicules en France et en Europe.&#8212;<\/p><p>Nos services<br \/>Nous intervenons pour :<br \/>&#8211; Transport de v\u00e9hicules neufs ou d\u2019occasion<br \/>&#8211; D\u00e9pannage ou enl\u00e8vement de v\u00e9hicules en panne\/accident\u00e9s<br \/>&#8211; Livraison inter garages ou concessions<br \/>&#8211; Transferts vers les ports ou vers l\u2019\u00e9tranger (UE)<br \/>&#8211; Prise en charge urgente 24\/48h<\/p><p>Nos engagements<br \/>&#8211; Licence de transport +3,5 tonnes : gage de fiabilit\u00e9 et de professionnalisme<br \/>&#8211; Couverture nationale et internationale<br \/>&#8211; Assurance incluse pour chaque trajet<br \/>&#8211; Suivi personnalis\u00e9 et communication r\u00e9active<br \/>&#8211; Respect strict des d\u00e9lais et de la r\u00e9glementation<\/p><p>Notre savoir-faire<br \/>Fort d\u2019une exp\u00e9rience dans la logistique et le transport routier, notre \u00e9quipe met tout en \u0153uvre pour assurer la s\u00e9curit\u00e9 de vos v\u00e9hicules et la satisfaction client.<\/p><p>Chaque mission est planifi\u00e9e avec soin, qu\u2019il s\u2019agisse d\u2019un v\u00e9hicule l\u00e9ger, utilitaire ou d\u2019une flotte enti\u00e8re.<\/p><p>O\u00f9 sommes-nous ?<br \/>Nous sommes bas\u00e9s \u00e0 Varzay \u00e0 c\u00f4t\u00e9 de Saintes en Charente Maritime<\/p>\t\t\t\t\t\t\t\t<\/div>\n\t\t\t\t\t<\/div>\n\t\t\t\t<\/div>\n\t\t<div class=\"elementor-element elementor-element-e9f953c e-flex e-con-boxed e-con e-parent\" data-id=\"e9f953c\" data-element_type=\"container\">\n\t\t\t\t\t<div class=\"e-con-inner\">\n\t\t\t\t\t<\/div>\n\t\t\t\t<\/div>\n\t\t\t\t<\/div>\n\t\t","protected":false},"excerpt":{"rendered":"<p>Qui sommes-nous ? Taxi Bertrand est une soci\u00e9t\u00e9 sp\u00e9cialis\u00e9e dans le transport de v\u00e9hicules sur plateau, \u00e0 destination des professionnels [&hellip;]<\/p>\n","protected":false},"author":1,"featured_media":0,"parent":0,"menu_order":0,"comment_status":"closed","ping_status":"closed","template":"","meta":{"site-sidebar-layout":"no-sidebar","site-content-layout":"","ast-site-content-layout":"full-width-container","site-content-style":"default","site-sidebar-style":"default","ast-global-header-display":"","ast-banner-title-visibility":"","ast-main-header-display":"","ast-hfb-above-header-display":"","ast-hfb-below-header-display":"","ast-hfb-mobile-header-display":"","site-post-title":"disabled","ast-breadcrumbs-content":"","ast-featured-img":"disabled","footer-sml-layout":"","theme-transparent-header-meta":"","adv-header-id-meta":"","stick-header-meta":"","header-above-stick-meta":"","header-main-stick-meta":"","header-below-stick-meta":"","astra-migrate-meta-layouts":"default","ast-page-background-enabled":"default","ast-page-background-meta":{"desktop":{"background-color":"var(--ast-global-color-5)","background-image":"","background-repeat":"repeat","background-position":"center center","background-size":"auto","background-attachment":"scroll","background-type":"","background-media":"","overlay-type":"","overlay-color":"","overlay-opacity":"","overlay-gradient":""},"tablet":{"background-color":"","background-image":"","background-repeat":"repeat","background-position":"center center","background-size":"auto","background-attachment":"scroll","background-type":"","background-media":"","overlay-type":"","overlay-color":"","overlay-opacity":"","overlay-gradient":""},"mobile":{"background-color":"","background-image":"","background-repeat":"repeat","background-position":"center center","background-size":"auto","background-attachment":"scroll","background-type":"","background-media":"","overlay-type":"","overlay-color":"","overlay-opacity":"","overlay-gradient":""}},"ast-content-background-meta":{"desktop":{"background-color":"var(--ast-global-color-4)","background-image":"","background-repeat":"repeat","background-position":"center center","background-size":"auto","background-attachment":"scroll","background-type":"","background-media":"","overlay-type":"","overlay-color":"","overlay-opacity":"","overlay-gradient":""},"tablet":{"background-color":"var(--ast-global-color-4)","background-image":"","background-repeat":"repeat","background-position":"center center","background-size":"auto","background-attachment":"scroll","background-type":"","background-media":"","overlay-type":"","overlay-color":"","overlay-opacity":"","overlay-gradient":""},"mobile":{"background-color":"var(--ast-global-color-4)","background-image":"","background-repeat":"repeat","background-position":"center center","background-size":"auto","background-attachment":"scroll","background-type":"","background-media":"","overlay-type":"","overlay-color":"","overlay-opacity":"","overlay-gradient":""}},"footnotes":""},"class_list":["post-47","page","type-page","status-publish","hentry"],"yoast_head":"<!-- This site is optimized with the Yoast SEO plugin v25.4 - https:\/\/yoast.com\/wordpress\/plugins\/seo\/ -->\n<title>Qui sommes nous ? - Auto sur Plateau<\/title>\n<meta name=\"robots\" content=\"index, follow, max-snippet:-1, max-image-preview:large, max-video-preview:-1\" \/>\n<link rel=\"canonical\" href=\"https:\/\/www.autosurplateau.com\/index.php\/qui-sommes-nous\/\" \/>\n<meta property=\"og:locale\" content=\"fr_FR\" \/>\n<meta property=\"og:type\" content=\"article\" \/>\n<meta property=\"og:title\" content=\"Qui sommes nous ? - Auto sur Plateau\" \/>\n<meta property=\"og:description\" content=\"Qui sommes-nous ? Taxi Bertrand est une soci\u00e9t\u00e9 sp\u00e9cialis\u00e9e dans le transport de v\u00e9hicules sur plateau, \u00e0 destination des professionnels [&hellip;]\" \/>\n<meta property=\"og:url\" content=\"https:\/\/www.autosurplateau.com\/index.php\/qui-sommes-nous\/\" \/>\n<meta property=\"og:site_name\" content=\"Auto sur Plateau\" \/>\n<meta property=\"article:modified_time\" content=\"2025-07-13T19:48:05+00:00\" \/>\n<meta name=\"twitter:card\" content=\"summary_large_image\" \/>\n<meta name=\"twitter:label1\" content=\"Dur\u00e9e de lecture estim\u00e9e\" \/>\n\t<meta name=\"twitter:data1\" content=\"1 minute\" \/>\n<script type=\"application\/ld+json\" class=\"yoast-schema-graph\">{\"@context\":\"https:\/\/schema.org\",\"@graph\":[{\"@type\":\"WebPage\",\"@id\":\"https:\/\/www.autosurplateau.com\/index.php\/qui-sommes-nous\/\",\"url\":\"https:\/\/www.autosurplateau.com\/index.php\/qui-sommes-nous\/\",\"name\":\"Qui sommes nous ? - Auto sur Plateau\",\"isPartOf\":{\"@id\":\"https:\/\/www.autosurplateau.com\/#website\"},\"datePublished\":\"2025-07-13T15:36:16+00:00\",\"dateModified\":\"2025-07-13T19:48:05+00:00\",\"breadcrumb\":{\"@id\":\"https:\/\/www.autosurplateau.com\/index.php\/qui-sommes-nous\/#breadcrumb\"},\"inLanguage\":\"fr-FR\",\"potentialAction\":[{\"@type\":\"ReadAction\",\"target\":[\"https:\/\/www.autosurplateau.com\/index.php\/qui-sommes-nous\/\"]}]},{\"@type\":\"BreadcrumbList\",\"@id\":\"https:\/\/www.autosurplateau.com\/index.php\/qui-sommes-nous\/#breadcrumb\",\"itemListElement\":[{\"@type\":\"ListItem\",\"position\":1,\"name\":\"Accueil\",\"item\":\"https:\/\/www.autosurplateau.com\/\"},{\"@type\":\"ListItem\",\"position\":2,\"name\":\"Qui sommes nous ?\"}]},{\"@type\":\"WebSite\",\"@id\":\"https:\/\/www.autosurplateau.com\/#website\",\"url\":\"https:\/\/www.autosurplateau.com\/\",\"name\":\"Auto sur Plateau\",\"description\":\"Pour vous par nous\",\"publisher\":{\"@id\":\"https:\/\/www.autosurplateau.com\/#organization\"},\"potentialAction\":[{\"@type\":\"SearchAction\",\"target\":{\"@type\":\"EntryPoint\",\"urlTemplate\":\"https:\/\/www.autosurplateau.com\/?s={search_term_string}\"},\"query-input\":{\"@type\":\"PropertyValueSpecification\",\"valueRequired\":true,\"valueName\":\"search_term_string\"}}],\"inLanguage\":\"fr-FR\"},{\"@type\":\"Organization\",\"@id\":\"https:\/\/www.autosurplateau.com\/#organization\",\"name\":\"Auto sur Plateau\",\"url\":\"https:\/\/www.autosurplateau.com\/\",\"logo\":{\"@type\":\"ImageObject\",\"inLanguage\":\"fr-FR\",\"@id\":\"https:\/\/www.autosurplateau.com\/#\/schema\/logo\/image\/\",\"url\":\"https:\/\/www.autosurplateau.com\/wp-content\/uploads\/2025\/07\/cropped-IconOnly_Transparent_NoBuffer-1.png\",\"contentUrl\":\"https:\/\/www.autosurplateau.com\/wp-content\/uploads\/2025\/07\/cropped-IconOnly_Transparent_NoBuffer-1.png\",\"width\":70,\"height\":70,\"caption\":\"Auto sur Plateau\"},\"image\":{\"@id\":\"https:\/\/www.autosurplateau.com\/#\/schema\/logo\/image\/\"}}]}<\/script>\n<!-- \/ Yoast SEO plugin. -->","yoast_head_json":{"title":"Qui sommes nous ? - Auto sur Plateau","robots":{"index":"index","follow":"follow","max-snippet":"max-snippet:-1","max-image-preview":"max-image-preview:large","max-video-preview":"max-video-preview:-1"},"canonical":"https:\/\/www.autosurplateau.com\/index.php\/qui-sommes-nous\/","og_locale":"fr_FR","og_type":"article","og_title":"Qui sommes nous ? - Auto sur Plateau","og_description":"Qui sommes-nous ? Taxi Bertrand est une soci\u00e9t\u00e9 sp\u00e9cialis\u00e9e dans le transport de v\u00e9hicules sur plateau, \u00e0 destination des professionnels [&hellip;]","og_url":"https:\/\/www.autosurplateau.com\/index.php\/qui-sommes-nous\/","og_site_name":"Auto sur Plateau","article_modified_time":"2025-07-13T19:48:05+00:00","twitter_card":"summary_large_image","twitter_misc":{"Dur\u00e9e de lecture estim\u00e9e":"1 minute"},"schema":{"@context":"https:\/\/schema.org","@graph":[{"@type":"WebPage","@id":"https:\/\/www.autosurplateau.com\/index.php\/qui-sommes-nous\/","url":"https:\/\/www.autosurplateau.com\/index.php\/qui-sommes-nous\/","name":"Qui sommes nous ? - Auto sur Plateau","isPartOf":{"@id":"https:\/\/www.autosurplateau.com\/#website"},"datePublished":"2025-07-13T15:36:16+00:00","dateModified":"2025-07-13T19:48:05+00:00","breadcrumb":{"@id":"https:\/\/www.autosurplateau.com\/index.php\/qui-sommes-nous\/#breadcrumb"},"inLanguage":"fr-FR","potentialAction":[{"@type":"ReadAction","target":["https:\/\/www.autosurplateau.com\/index.php\/qui-sommes-nous\/"]}]},{"@type":"BreadcrumbList","@id":"https:\/\/www.autosurplateau.com\/index.php\/qui-sommes-nous\/#breadcrumb","itemListElement":[{"@type":"ListItem","position":1,"name":"Accueil","item":"https:\/\/www.autosurplateau.com\/"},{"@type":"ListItem","position":2,"name":"Qui sommes nous ?"}]},{"@type":"WebSite","@id":"https:\/\/www.autosurplateau.com\/#website","url":"https:\/\/www.autosurplateau.com\/","name":"Auto sur Plateau","description":"Pour vous par nous","publisher":{"@id":"https:\/\/www.autosurplateau.com\/#organization"},"potentialAction":[{"@type":"SearchAction","target":{"@type":"EntryPoint","urlTemplate":"https:\/\/www.autosurplateau.com\/?s={search_term_string}"},"query-input":{"@type":"PropertyValueSpecification","valueRequired":true,"valueName":"search_term_string"}}],"inLanguage":"fr-FR"},{"@type":"Organization","@id":"https:\/\/www.autosurplateau.com\/#organization","name":"Auto sur Plateau","url":"https:\/\/www.autosurplateau.com\/","logo":{"@type":"ImageObject","inLanguage":"fr-FR","@id":"https:\/\/www.autosurplateau.com\/#\/schema\/logo\/image\/","url":"https:\/\/www.autosurplateau.com\/wp-content\/uploads\/2025\/07\/cropped-IconOnly_Transparent_NoBuffer-1.png","contentUrl":"https:\/\/www.autosurplateau.com\/wp-content\/uploads\/2025\/07\/cropped-IconOnly_Transparent_NoBuffer-1.png","width":70,"height":70,"caption":"Auto sur Plateau"},"image":{"@id":"https:\/\/www.autosurplateau.com\/#\/schema\/logo\/image\/"}}]}},"_links":{"self":[{"href":"https:\/\/www.autosurplateau.com\/index.php\/wp-json\/wp\/v2\/pages\/47","targetHints":{"allow":["GET"]}}],"collection":[{"href":"https:\/\/www.autosurplateau.com\/index.php\/wp-json\/wp\/v2\/pages"}],"about":[{"href":"https:\/\/www.autosurplateau.com\/index.php\/wp-json\/wp\/v2\/types\/page"}],"author":[{"embeddable":true,"href":"https:\/\/www.autosurplateau.com\/index.php\/wp-json\/wp\/v2\/users\/1"}],"replies":[{"embeddable":true,"href":"https:\/\/www.autosurplateau.com\/index.php\/wp-json\/wp\/v2\/comments?post=47"}],"version-history":[{"count":10,"href":"https:\/\/www.autosurplateau.com\/index.php\/wp-json\/wp\/v2\/pages\/47\/revisions"}],"predecessor-version":[{"id":137,"href":"https:\/\/www.autosurplateau.com\/index.php\/wp-json\/wp\/v2\/pages\/47\/revisions\/137"}],"wp:attachment":[{"href":"https:\/\/www.autosurplateau.com\/index.php\/wp-json\/wp\/v2\/media?parent=47"}],"curies":[{"name":"wp","href":"https:\/\/api.w.org\/{rel}","templated":true}]}}