{"id":42,"date":"2025-07-13T15:35:44","date_gmt":"2025-07-13T15:35:44","guid":{"rendered":"http:\/\/www.autosurplateau.com\/?page_id=42"},"modified":"2025-07-14T05:13:08","modified_gmt":"2025-07-14T05:13:08","slug":"nos-services","status":"publish","type":"page","link":"https:\/\/www.autosurplateau.com\/index.php\/nos-services\/","title":{"rendered":"Nos services"},"content":{"rendered":"\t\t<div data-elementor-type=\"wp-page\" data-elementor-id=\"42\" class=\"elementor elementor-42\">\n\t\t\t\t<div class=\"elementor-element elementor-element-6200df2 e-flex e-con-boxed e-con e-parent\" data-id=\"6200df2\" data-element_type=\"container\">\n\t\t\t\t\t<div class=\"e-con-inner\">\n\t\t\t\t<div class=\"elementor-element elementor-element-9cee1df elementor-widget elementor-widget-heading\" data-id=\"9cee1df\" data-element_type=\"widget\" data-widget_type=\"heading.default\">\n\t\t\t\t\t<h2 class=\"elementor-heading-title elementor-size-default\">Nos Services \u2013 Transport de V\u00e9hicules sur Plateau<\/h2>\t\t\t\t<\/div>\n\t\t\t\t\t<\/div>\n\t\t\t\t<\/div>\n\t\t<div class=\"elementor-element elementor-element-e8b412c e-flex e-con-boxed e-con e-parent\" data-id=\"e8b412c\" data-element_type=\"container\">\n\t\t\t\t\t<div class=\"e-con-inner\">\n\t\t\t\t<div class=\"elementor-element elementor-element-e7ca314 elementor-widget elementor-widget-text-editor\" data-id=\"e7ca314\" data-element_type=\"widget\" data-widget_type=\"text-editor.default\">\n\t\t\t\t\t\t\t\t\t<p data-start=\"327\" data-end=\"617\">Chez taxi Bertrand, nous proposons une activit\u00e9 de services de transport de v\u00e9hicules sur plateau nous sommes sp\u00e9cialis\u00e9s dans le <strong data-start=\"393\" data-end=\"431\">transport de v\u00e9hicules sur plateau<\/strong>, partout en France (et \u00e0 l\u2019international si c\u2019est le cas). Que vous soyez un particulier ou un professionnel, nous vous garantissons un service rapide, s\u00e9curis\u00e9 et adapt\u00e9 \u00e0 vos besoins.<\/p><hr data-start=\"619\" data-end=\"622\" \/><h3 data-start=\"624\" data-end=\"666\">Transport de v\u00e9hicules particuliers<\/h3><p data-start=\"668\" data-end=\"801\">Vous avez besoin de faire livrer ou d\u00e9placer votre voiture ?<br data-start=\"728\" data-end=\"731\" \/>Nous assurons le transport de tous types de v\u00e9hicules particuliers :<\/p><ul data-start=\"802\" data-end=\"999\"><li data-start=\"802\" data-end=\"835\"><p data-start=\"804\" data-end=\"835\">V\u00e9hicules neufs ou d\u2019occasion<\/p><\/li><li data-start=\"836\" data-end=\"874\"><p data-start=\"838\" data-end=\"874\">V\u00e9hicules en panne ou non roulants<\/p><\/li><li data-start=\"875\" data-end=\"917\"><p data-start=\"877\" data-end=\"917\">V\u00e9hicules de collection ou de prestige<\/p><\/li><li data-start=\"918\" data-end=\"999\"><p data-start=\"920\" data-end=\"999\">V\u00e9hicules vendus ou achet\u00e9s \u00e0 distance (ex. : via Leboncoin, garage, ench\u00e8res\u2026)<\/p><\/li><\/ul><p data-start=\"1001\" data-end=\"1100\">\u2705 <strong data-start=\"1003\" data-end=\"1026\">Chargement s\u00e9curis\u00e9<\/strong><br data-start=\"1026\" data-end=\"1029\" \/>\u2705 <strong data-start=\"1031\" data-end=\"1053\">Respect des d\u00e9lais<\/strong><br data-start=\"1053\" data-end=\"1056\" \/>\u2705 <strong data-start=\"1058\" data-end=\"1100\">Assurance incluse pendant le transport<\/strong><\/p><hr data-start=\"1102\" data-end=\"1105\" \/><h3 data-start=\"1107\" data-end=\"1159\">Transport pour professionnels de l\u2019automobile<\/h3><p data-start=\"1161\" data-end=\"1186\">Nous travaillons avec :<\/p><ul data-start=\"1187\" data-end=\"1280\"><li data-start=\"1187\" data-end=\"1211\"><p data-start=\"1189\" data-end=\"1211\"><strong data-start=\"1189\" data-end=\"1209\">Concessionnaires<\/strong><\/p><\/li><li data-start=\"1212\" data-end=\"1230\"><p data-start=\"1214\" data-end=\"1230\"><strong data-start=\"1214\" data-end=\"1228\">Garagistes<\/strong><\/p><\/li><li data-start=\"1231\" data-end=\"1253\"><p data-start=\"1233\" data-end=\"1253\"><strong data-start=\"1233\" data-end=\"1251\">Courtiers auto<\/strong><\/p><\/li><li data-start=\"1254\" data-end=\"1280\"><p data-start=\"1256\" data-end=\"1280\"><strong data-start=\"1256\" data-end=\"1280\">Flottes d\u2019entreprise<\/strong><\/p><\/li><\/ul><p data-start=\"1282\" data-end=\"1399\">Besoin de livrer plusieurs v\u00e9hicules ? Nous organisons des tourn\u00e9es sur mesure et vous tenons inform\u00e9s en temps r\u00e9el.<\/p><hr data-start=\"1401\" data-end=\"1404\" \/><h3 data-start=\"1406\" data-end=\"1436\">D\u00e9pannage et remorquage<\/h3><p data-start=\"1438\" data-end=\"1650\">En cas de panne, nous intervenons rapidement pour remorquer votre v\u00e9hicule jusqu\u2019\u00e0 l\u2019atelier ou au lieu de votre choix.<br data-start=\"1557\" data-end=\"1560\" \/>Notre plateau est \u00e9quip\u00e9 pour charger les v\u00e9hicules m\u00eame en cas d\u2019immobilisation compl\u00e8te.<\/p><hr data-start=\"1652\" data-end=\"1655\" \/><h3 data-start=\"1657\" data-end=\"1684\">Zones d\u2019intervention<\/h3><p data-start=\"1686\" data-end=\"1869\">Nous intervenons dans les d\u00e9partements suivants :<br data-start=\"1735\" data-end=\"1738\" \/><strong data-start=\"1738\" data-end=\"1796\">Charente-Maritime, Charente, Gironde<\/strong><br data-start=\"1796\" data-end=\"1799\" \/>Et sur demande, nous pouvons organiser des transports longue distance.<\/p><hr data-start=\"1871\" data-end=\"1874\" \/><h3 data-start=\"2110\" data-end=\"2145\">Pourquoi nous faire confiance ?<\/h3><p data-start=\"2147\" data-end=\"2270\">\u2705 <strong data-start=\"2149\" data-end=\"2176\">Exp\u00e9rience et fiabilit\u00e9<\/strong><br data-start=\"2176\" data-end=\"2179\" \/>\u2705 <strong data-start=\"2181\" data-end=\"2212\">Plateau r\u00e9cent et homologu\u00e9<\/strong><br data-start=\"2212\" data-end=\"2215\" \/>\u2705 <strong data-start=\"2217\" data-end=\"2239\">Tarifs comp\u00e9titifs<\/strong><br data-start=\"2239\" data-end=\"2242\" \/>\u2705 <strong data-start=\"2244\" data-end=\"2270\">Service client r\u00e9actif<\/strong><\/p>\t\t\t\t\t\t\t\t<\/div>\n\t\t\t\t\t<\/div>\n\t\t\t\t<\/div>\n\t\t<div class=\"elementor-element elementor-element-b74a287 e-flex e-con-boxed e-con e-parent\" data-id=\"b74a287\" data-element_type=\"container\">\n\t\t\t\t\t<div class=\"e-con-inner\">\n\t\t\t\t<div class=\"elementor-element elementor-element-3fb348a elementor-widget elementor-widget-image\" data-id=\"3fb348a\" data-element_type=\"widget\" data-widget_type=\"image.default\">\n\t\t\t\t\t\t\t\t\t\t\t\t\t\t\t<img fetchpriority=\"high\" decoding=\"async\" width=\"1024\" height=\"768\" src=\"https:\/\/www.autosurplateau.com\/wp-content\/uploads\/2025\/07\/transport-vehicule-plateau-remorque-1024x768.webp\" class=\"attachment-large size-large wp-image-147\" alt=\"\" srcset=\"https:\/\/www.autosurplateau.com\/wp-content\/uploads\/2025\/07\/transport-vehicule-plateau-remorque-1024x768.webp 1024w, https:\/\/www.autosurplateau.com\/wp-content\/uploads\/2025\/07\/transport-vehicule-plateau-remorque-300x225.webp 300w, https:\/\/www.autosurplateau.com\/wp-content\/uploads\/2025\/07\/transport-vehicule-plateau-remorque-768x576.webp 768w, https:\/\/www.autosurplateau.com\/wp-content\/uploads\/2025\/07\/transport-vehicule-plateau-remorque.webp 1280w\" sizes=\"(max-width: 1024px) 100vw, 1024px\" \/>\t\t\t\t\t\t\t\t\t\t\t\t\t\t\t<\/div>\n\t\t\t\t\t<\/div>\n\t\t\t\t<\/div>\n\t\t<div class=\"elementor-element elementor-element-d62df47 e-flex e-con-boxed e-con e-parent\" data-id=\"d62df47\" data-element_type=\"container\">\n\t\t\t\t\t<div class=\"e-con-inner\">\n\t\t\t\t<div class=\"elementor-element elementor-element-76cd42b elementor-widget elementor-widget-text-editor\" data-id=\"76cd42b\" data-element_type=\"widget\" data-widget_type=\"text-editor.default\">\n\t\t\t\t\t\t\t\t\t<p>Vous faites transporter un v\u00e9hicule r\u00e9cemment achet\u00e9 ou vendu ? Pensez \u00e0 v\u00e9rifier les d\u00e9marches officielles li\u00e9es \u00e0 l\u2019immatriculation :<br data-start=\"958\" data-end=\"961\" \/>\ud83d\udc49 <a class=\"cursor-pointer\" target=\"_new\" rel=\"noopener\" data-start=\"966\" data-end=\"1068\">D\u00e9marches carte grise \u2013 Service-public.fr<\/a><\/p>\t\t\t\t\t\t\t\t<\/div>\n\t\t\t\t\t<\/div>\n\t\t\t\t<\/div>\n\t\t\t\t<\/div>\n\t\t","protected":false},"excerpt":{"rendered":"<p>Nos Services \u2013 Transport de V\u00e9hicules sur Plateau Chez taxi Bertrand, nous proposons une activit\u00e9 de services de transport de [&hellip;]<\/p>\n","protected":false},"author":1,"featured_media":0,"parent":0,"menu_order":0,"comment_status":"closed","ping_status":"closed","template":"","meta":{"site-sidebar-layout":"no-sidebar","site-content-layout":"","ast-site-content-layout":"full-width-container","site-content-style":"default","site-sidebar-style":"default","ast-global-header-display":"","ast-banner-title-visibility":"","ast-main-header-display":"","ast-hfb-above-header-display":"","ast-hfb-below-header-display":"","ast-hfb-mobile-header-display":"","site-post-title":"disabled","ast-breadcrumbs-content":"","ast-featured-img":"disabled","footer-sml-layout":"","theme-transparent-header-meta":"","adv-header-id-meta":"","stick-header-meta":"","header-above-stick-meta":"","header-main-stick-meta":"","header-below-stick-meta":"","astra-migrate-meta-layouts":"default","ast-page-background-enabled":"default","ast-page-background-meta":{"desktop":{"background-color":"var(--ast-global-color-5)","background-image":"","background-repeat":"repeat","background-position":"center center","background-size":"auto","background-attachment":"scroll","background-type":"","background-media":"","overlay-type":"","overlay-color":"","overlay-opacity":"","overlay-gradient":""},"tablet":{"background-color":"","background-image":"","background-repeat":"repeat","background-position":"center center","background-size":"auto","background-attachment":"scroll","background-type":"","background-media":"","overlay-type":"","overlay-color":"","overlay-opacity":"","overlay-gradient":""},"mobile":{"background-color":"","background-image":"","background-repeat":"repeat","background-position":"center center","background-size":"auto","background-attachment":"scroll","background-type":"","background-media":"","overlay-type":"","overlay-color":"","overlay-opacity":"","overlay-gradient":""}},"ast-content-background-meta":{"desktop":{"background-color":"var(--ast-global-color-4)","background-image":"","background-repeat":"repeat","background-position":"center center","background-size":"auto","background-attachment":"scroll","background-type":"","background-media":"","overlay-type":"","overlay-color":"","overlay-opacity":"","overlay-gradient":""},"tablet":{"background-color":"var(--ast-global-color-4)","background-image":"","background-repeat":"repeat","background-position":"center center","background-size":"auto","background-attachment":"scroll","background-type":"","background-media":"","overlay-type":"","overlay-color":"","overlay-opacity":"","overlay-gradient":""},"mobile":{"background-color":"var(--ast-global-color-4)","background-image":"","background-repeat":"repeat","background-position":"center center","background-size":"auto","background-attachment":"scroll","background-type":"","background-media":"","overlay-type":"","overlay-color":"","overlay-opacity":"","overlay-gradient":""}},"footnotes":""},"class_list":["post-42","page","type-page","status-publish","hentry"],"yoast_head":"<!-- This site is optimized with the Yoast SEO plugin v25.4 - https:\/\/yoast.com\/wordpress\/plugins\/seo\/ -->\n<title>Services de Remorquage et Transport Automobile<\/title>\n<meta name=\"description\" content=\"Nos services de transport auto sur plateau s\u2019adaptent \u00e0 tous vos besoins : voiture en panne, non roulante ou \u00e0 livrer.\" \/>\n<meta name=\"robots\" content=\"index, follow, max-snippet:-1, max-image-preview:large, max-video-preview:-1\" \/>\n<link rel=\"canonical\" href=\"https:\/\/www.autosurplateau.com\/index.php\/nos-services\/\" \/>\n<meta property=\"og:locale\" content=\"fr_FR\" \/>\n<meta property=\"og:type\" content=\"article\" \/>\n<meta property=\"og:title\" content=\"Services de Remorquage et Transport Automobile\" \/>\n<meta property=\"og:description\" content=\"Nos services de transport auto sur plateau s\u2019adaptent \u00e0 tous vos besoins : voiture en panne, non roulante ou \u00e0 livrer.\" \/>\n<meta property=\"og:url\" content=\"https:\/\/www.autosurplateau.com\/index.php\/nos-services\/\" \/>\n<meta property=\"og:site_name\" content=\"Auto sur Plateau\" \/>\n<meta property=\"article:modified_time\" content=\"2025-07-14T05:13:08+00:00\" \/>\n<meta property=\"og:image\" content=\"https:\/\/www.autosurplateau.com\/wp-content\/uploads\/2025\/07\/transport-vehicule-plateau-remorque-1024x768.webp\" \/>\n<meta name=\"twitter:card\" content=\"summary_large_image\" \/>\n<meta name=\"twitter:label1\" content=\"Dur\u00e9e de lecture estim\u00e9e\" \/>\n\t<meta name=\"twitter:data1\" content=\"2 minutes\" \/>\n<script type=\"application\/ld+json\" class=\"yoast-schema-graph\">{\"@context\":\"https:\/\/schema.org\",\"@graph\":[{\"@type\":\"WebPage\",\"@id\":\"https:\/\/www.autosurplateau.com\/index.php\/nos-services\/\",\"url\":\"https:\/\/www.autosurplateau.com\/index.php\/nos-services\/\",\"name\":\"Services de Remorquage et Transport Automobile\",\"isPartOf\":{\"@id\":\"https:\/\/www.autosurplateau.com\/#website\"},\"primaryImageOfPage\":{\"@id\":\"https:\/\/www.autosurplateau.com\/index.php\/nos-services\/#primaryimage\"},\"image\":{\"@id\":\"https:\/\/www.autosurplateau.com\/index.php\/nos-services\/#primaryimage\"},\"thumbnailUrl\":\"https:\/\/www.autosurplateau.com\/wp-content\/uploads\/2025\/07\/transport-vehicule-plateau-remorque-1024x768.webp\",\"datePublished\":\"2025-07-13T15:35:44+00:00\",\"dateModified\":\"2025-07-14T05:13:08+00:00\",\"description\":\"Nos services de transport auto sur plateau s\u2019adaptent \u00e0 tous vos besoins : voiture en panne, non roulante ou \u00e0 livrer.\",\"breadcrumb\":{\"@id\":\"https:\/\/www.autosurplateau.com\/index.php\/nos-services\/#breadcrumb\"},\"inLanguage\":\"fr-FR\",\"potentialAction\":[{\"@type\":\"ReadAction\",\"target\":[\"https:\/\/www.autosurplateau.com\/index.php\/nos-services\/\"]}]},{\"@type\":\"ImageObject\",\"inLanguage\":\"fr-FR\",\"@id\":\"https:\/\/www.autosurplateau.com\/index.php\/nos-services\/#primaryimage\",\"url\":\"https:\/\/www.autosurplateau.com\/wp-content\/uploads\/2025\/07\/transport-vehicule-plateau-remorque.webp\",\"contentUrl\":\"https:\/\/www.autosurplateau.com\/wp-content\/uploads\/2025\/07\/transport-vehicule-plateau-remorque.webp\",\"width\":1280,\"height\":960},{\"@type\":\"BreadcrumbList\",\"@id\":\"https:\/\/www.autosurplateau.com\/index.php\/nos-services\/#breadcrumb\",\"itemListElement\":[{\"@type\":\"ListItem\",\"position\":1,\"name\":\"Accueil\",\"item\":\"https:\/\/www.autosurplateau.com\/\"},{\"@type\":\"ListItem\",\"position\":2,\"name\":\"Nos services\"}]},{\"@type\":\"WebSite\",\"@id\":\"https:\/\/www.autosurplateau.com\/#website\",\"url\":\"https:\/\/www.autosurplateau.com\/\",\"name\":\"Auto sur Plateau\",\"description\":\"Pour vous par nous\",\"publisher\":{\"@id\":\"https:\/\/www.autosurplateau.com\/#organization\"},\"potentialAction\":[{\"@type\":\"SearchAction\",\"target\":{\"@type\":\"EntryPoint\",\"urlTemplate\":\"https:\/\/www.autosurplateau.com\/?s={search_term_string}\"},\"query-input\":{\"@type\":\"PropertyValueSpecification\",\"valueRequired\":true,\"valueName\":\"search_term_string\"}}],\"inLanguage\":\"fr-FR\"},{\"@type\":\"Organization\",\"@id\":\"https:\/\/www.autosurplateau.com\/#organization\",\"name\":\"Auto sur Plateau\",\"url\":\"https:\/\/www.autosurplateau.com\/\",\"logo\":{\"@type\":\"ImageObject\",\"inLanguage\":\"fr-FR\",\"@id\":\"https:\/\/www.autosurplateau.com\/#\/schema\/logo\/image\/\",\"url\":\"https:\/\/www.autosurplateau.com\/wp-content\/uploads\/2025\/07\/cropped-IconOnly_Transparent_NoBuffer-1.png\",\"contentUrl\":\"https:\/\/www.autosurplateau.com\/wp-content\/uploads\/2025\/07\/cropped-IconOnly_Transparent_NoBuffer-1.png\",\"width\":70,\"height\":70,\"caption\":\"Auto sur Plateau\"},\"image\":{\"@id\":\"https:\/\/www.autosurplateau.com\/#\/schema\/logo\/image\/\"}}]}<\/script>\n<!-- \/ Yoast SEO plugin. -->","yoast_head_json":{"title":"Services de Remorquage et Transport Automobile","description":"Nos services de transport auto sur plateau s\u2019adaptent \u00e0 tous vos besoins : voiture en panne, non roulante ou \u00e0 livrer.","robots":{"index":"index","follow":"follow","max-snippet":"max-snippet:-1","max-image-preview":"max-image-preview:large","max-video-preview":"max-video-preview:-1"},"canonical":"https:\/\/www.autosurplateau.com\/index.php\/nos-services\/","og_locale":"fr_FR","og_type":"article","og_title":"Services de Remorquage et Transport Automobile","og_description":"Nos services de transport auto sur plateau s\u2019adaptent \u00e0 tous vos besoins : voiture en panne, non roulante ou \u00e0 livrer.","og_url":"https:\/\/www.autosurplateau.com\/index.php\/nos-services\/","og_site_name":"Auto sur Plateau","article_modified_time":"2025-07-14T05:13:08+00:00","og_image":[{"url":"https:\/\/www.autosurplateau.com\/wp-content\/uploads\/2025\/07\/transport-vehicule-plateau-remorque-1024x768.webp","type":"","width":"","height":""}],"twitter_card":"summary_large_image","twitter_misc":{"Dur\u00e9e de lecture estim\u00e9e":"2 minutes"},"schema":{"@context":"https:\/\/schema.org","@graph":[{"@type":"WebPage","@id":"https:\/\/www.autosurplateau.com\/index.php\/nos-services\/","url":"https:\/\/www.autosurplateau.com\/index.php\/nos-services\/","name":"Services de Remorquage et Transport Automobile","isPartOf":{"@id":"https:\/\/www.autosurplateau.com\/#website"},"primaryImageOfPage":{"@id":"https:\/\/www.autosurplateau.com\/index.php\/nos-services\/#primaryimage"},"image":{"@id":"https:\/\/www.autosurplateau.com\/index.php\/nos-services\/#primaryimage"},"thumbnailUrl":"https:\/\/www.autosurplateau.com\/wp-content\/uploads\/2025\/07\/transport-vehicule-plateau-remorque-1024x768.webp","datePublished":"2025-07-13T15:35:44+00:00","dateModified":"2025-07-14T05:13:08+00:00","description":"Nos services de transport auto sur plateau s\u2019adaptent \u00e0 tous vos besoins : voiture en panne, non roulante ou \u00e0 livrer.","breadcrumb":{"@id":"https:\/\/www.autosurplateau.com\/index.php\/nos-services\/#breadcrumb"},"inLanguage":"fr-FR","potentialAction":[{"@type":"ReadAction","target":["https:\/\/www.autosurplateau.com\/index.php\/nos-services\/"]}]},{"@type":"ImageObject","inLanguage":"fr-FR","@id":"https:\/\/www.autosurplateau.com\/index.php\/nos-services\/#primaryimage","url":"https:\/\/www.autosurplateau.com\/wp-content\/uploads\/2025\/07\/transport-vehicule-plateau-remorque.webp","contentUrl":"https:\/\/www.autosurplateau.com\/wp-content\/uploads\/2025\/07\/transport-vehicule-plateau-remorque.webp","width":1280,"height":960},{"@type":"BreadcrumbList","@id":"https:\/\/www.autosurplateau.com\/index.php\/nos-services\/#breadcrumb","itemListElement":[{"@type":"ListItem","position":1,"name":"Accueil","item":"https:\/\/www.autosurplateau.com\/"},{"@type":"ListItem","position":2,"name":"Nos services"}]},{"@type":"WebSite","@id":"https:\/\/www.autosurplateau.com\/#website","url":"https:\/\/www.autosurplateau.com\/","name":"Auto sur Plateau","description":"Pour vous par nous","publisher":{"@id":"https:\/\/www.autosurplateau.com\/#organization"},"potentialAction":[{"@type":"SearchAction","target":{"@type":"EntryPoint","urlTemplate":"https:\/\/www.autosurplateau.com\/?s={search_term_string}"},"query-input":{"@type":"PropertyValueSpecification","valueRequired":true,"valueName":"search_term_string"}}],"inLanguage":"fr-FR"},{"@type":"Organization","@id":"https:\/\/www.autosurplateau.com\/#organization","name":"Auto sur Plateau","url":"https:\/\/www.autosurplateau.com\/","logo":{"@type":"ImageObject","inLanguage":"fr-FR","@id":"https:\/\/www.autosurplateau.com\/#\/schema\/logo\/image\/","url":"https:\/\/www.autosurplateau.com\/wp-content\/uploads\/2025\/07\/cropped-IconOnly_Transparent_NoBuffer-1.png","contentUrl":"https:\/\/www.autosurplateau.com\/wp-content\/uploads\/2025\/07\/cropped-IconOnly_Transparent_NoBuffer-1.png","width":70,"height":70,"caption":"Auto sur Plateau"},"image":{"@id":"https:\/\/www.autosurplateau.com\/#\/schema\/logo\/image\/"}}]}},"_links":{"self":[{"href":"https:\/\/www.autosurplateau.com\/index.php\/wp-json\/wp\/v2\/pages\/42","targetHints":{"allow":["GET"]}}],"collection":[{"href":"https:\/\/www.autosurplateau.com\/index.php\/wp-json\/wp\/v2\/pages"}],"about":[{"href":"https:\/\/www.autosurplateau.com\/index.php\/wp-json\/wp\/v2\/types\/page"}],"author":[{"embeddable":true,"href":"https:\/\/www.autosurplateau.com\/index.php\/wp-json\/wp\/v2\/users\/1"}],"replies":[{"embeddable":true,"href":"https:\/\/www.autosurplateau.com\/index.php\/wp-json\/wp\/v2\/comments?post=42"}],"version-history":[{"count":22,"href":"https:\/\/www.autosurplateau.com\/index.php\/wp-json\/wp\/v2\/pages\/42\/revisions"}],"predecessor-version":[{"id":167,"href":"https:\/\/www.autosurplateau.com\/index.php\/wp-json\/wp\/v2\/pages\/42\/revisions\/167"}],"wp:attachment":[{"href":"https:\/\/www.autosurplateau.com\/index.php\/wp-json\/wp\/v2\/media?parent=42"}],"curies":[{"name":"wp","href":"https:\/\/api.w.org\/{rel}","templated":true}]}}