{"id":35,"date":"2025-07-13T15:29:00","date_gmt":"2025-07-13T15:29:00","guid":{"rendered":"http:\/\/www.autosurplateau.com\/?page_id=35"},"modified":"2025-07-13T16:06:39","modified_gmt":"2025-07-13T16:06:39","slug":"contact","status":"publish","type":"page","link":"https:\/\/www.autosurplateau.com\/index.php\/contact\/","title":{"rendered":"Contact"},"content":{"rendered":"\t\t<div data-elementor-type=\"wp-page\" data-elementor-id=\"35\" class=\"elementor elementor-35\">\n\t\t\t\t<div class=\"elementor-element elementor-element-783f409 e-flex e-con-boxed e-con e-parent\" data-id=\"783f409\" data-element_type=\"container\">\n\t\t\t\t\t<div class=\"e-con-inner\">\n\t\t\t\t<div class=\"elementor-element elementor-element-3b57dc6 elementor-widget elementor-widget-heading\" data-id=\"3b57dc6\" data-element_type=\"widget\" data-widget_type=\"heading.default\">\n\t\t\t\t\t<h2 class=\"elementor-heading-title elementor-size-default\">Contactez nous<\/h2>\t\t\t\t<\/div>\n\t\t\t\t<div class=\"elementor-element elementor-element-0ce3605 elementor-align-center elementor-widget elementor-widget-button\" data-id=\"0ce3605\" data-element_type=\"widget\" data-widget_type=\"button.default\">\n\t\t\t\t\t\t\t\t\t\t<a class=\"elementor-button elementor-button-link elementor-size-sm\" href=\"#\">\n\t\t\t\t\t\t<span class=\"elementor-button-content-wrapper\">\n\t\t\t\t\t\t<span class=\"elementor-button-icon\">\n\t\t\t\t<svg aria-hidden=\"true\" class=\"e-font-icon-svg e-fas-phone-alt\" viewBox=\"0 0 512 512\" xmlns=\"http:\/\/www.w3.org\/2000\/svg\"><path d=\"M497.39 361.8l-112-48a24 24 0 0 0-28 6.9l-49.6 60.6A370.66 370.66 0 0 1 130.6 204.11l60.6-49.6a23.94 23.94 0 0 0 6.9-28l-48-112A24.16 24.16 0 0 0 122.6.61l-104 24A24 24 0 0 0 0 48c0 256.5 207.9 464 464 464a24 24 0 0 0 23.4-18.6l24-104a24.29 24.29 0 0 0-14.01-27.6z\"><\/path><\/svg>\t\t\t<\/span>\n\t\t\t\t\t\t\t\t\t<span class=\"elementor-button-text\">07.69.94.45.85<\/span>\n\t\t\t\t\t<\/span>\n\t\t\t\t\t<\/a>\n\t\t\t\t\t\t\t\t<\/div>\n\t\t\t\t<div class=\"elementor-element elementor-element-72dcf2c elementor-widget elementor-widget-text-editor\" data-id=\"72dcf2c\" data-element_type=\"widget\" data-widget_type=\"text-editor.default\">\n\t\t\t\t\t\t\t\t\t<p>Besoin d\u2019un transport de v\u00e9hicule ? <br \/>Notre \u00e9quipe est \u00e0 votre \u00e9coute pour toute demande de devis, renseignement ou prise en charge urgente.<\/p><p>Par t\u00e9l\u00e9phone <br \/>Appelez-nous directement au : 07.69.94.45.85<br \/>Disponible du lundi au samedi, de 8h \u00e0 20h.<\/p><p>Par e-mail <br \/>Envoyez nous vos demandes \u00e0 : bvincent.lmr@gmail.com<\/p><p>Zone d\u2019intervention <br \/>France enti\u00e8re + Europe <br \/>Bas\u00e9s \u00e0 Varzay \u00e0 c\u00f4t\u00e9 de Saintes en Charente Maritime r\u00e9gion nouvelle aquitaine<\/p>\t\t\t\t\t\t\t\t<\/div>\n\t\t\t\t\t<\/div>\n\t\t\t\t<\/div>\n\t\t\t\t<\/div>\n\t\t","protected":false},"excerpt":{"rendered":"<p>Contactez nous 07.69.94.45.85 Besoin d\u2019un transport de v\u00e9hicule ? Notre \u00e9quipe est \u00e0 votre \u00e9coute pour toute demande de devis, [&hellip;]<\/p>\n","protected":false},"author":1,"featured_media":0,"parent":0,"menu_order":0,"comment_status":"closed","ping_status":"closed","template":"","meta":{"site-sidebar-layout":"no-sidebar","site-content-layout":"","ast-site-content-layout":"full-width-container","site-content-style":"default","site-sidebar-style":"default","ast-global-header-display":"","ast-banner-title-visibility":"","ast-main-header-display":"","ast-hfb-above-header-display":"","ast-hfb-below-header-display":"","ast-hfb-mobile-header-display":"","site-post-title":"disabled","ast-breadcrumbs-content":"","ast-featured-img":"disabled","footer-sml-layout":"","theme-transparent-header-meta":"","adv-header-id-meta":"","stick-header-meta":"","header-above-stick-meta":"","header-main-stick-meta":"","header-below-stick-meta":"","astra-migrate-meta-layouts":"default","ast-page-background-enabled":"default","ast-page-background-meta":{"desktop":{"background-color":"var(--ast-global-color-5)","background-image":"","background-repeat":"repeat","background-position":"center center","background-size":"auto","background-attachment":"scroll","background-type":"","background-media":"","overlay-type":"","overlay-color":"","overlay-opacity":"","overlay-gradient":""},"tablet":{"background-color":"","background-image":"","background-repeat":"repeat","background-position":"center center","background-size":"auto","background-attachment":"scroll","background-type":"","background-media":"","overlay-type":"","overlay-color":"","overlay-opacity":"","overlay-gradient":""},"mobile":{"background-color":"","background-image":"","background-repeat":"repeat","background-position":"center center","background-size":"auto","background-attachment":"scroll","background-type":"","background-media":"","overlay-type":"","overlay-color":"","overlay-opacity":"","overlay-gradient":""}},"ast-content-background-meta":{"desktop":{"background-color":"var(--ast-global-color-4)","background-image":"","background-repeat":"repeat","background-position":"center center","background-size":"auto","background-attachment":"scroll","background-type":"","background-media":"","overlay-type":"","overlay-color":"","overlay-opacity":"","overlay-gradient":""},"tablet":{"background-color":"var(--ast-global-color-4)","background-image":"","background-repeat":"repeat","background-position":"center center","background-size":"auto","background-attachment":"scroll","background-type":"","background-media":"","overlay-type":"","overlay-color":"","overlay-opacity":"","overlay-gradient":""},"mobile":{"background-color":"var(--ast-global-color-4)","background-image":"","background-repeat":"repeat","background-position":"center center","background-size":"auto","background-attachment":"scroll","background-type":"","background-media":"","overlay-type":"","overlay-color":"","overlay-opacity":"","overlay-gradient":""}},"footnotes":""},"class_list":["post-35","page","type-page","status-publish","hentry"],"yoast_head":"<!-- This site is optimized with the Yoast SEO plugin v25.4 - https:\/\/yoast.com\/wordpress\/plugins\/seo\/ -->\n<title>Contact - Auto sur Plateau<\/title>\n<meta name=\"robots\" content=\"index, follow, max-snippet:-1, max-image-preview:large, max-video-preview:-1\" \/>\n<link rel=\"canonical\" href=\"https:\/\/www.autosurplateau.com\/index.php\/contact\/\" \/>\n<meta property=\"og:locale\" content=\"fr_FR\" \/>\n<meta property=\"og:type\" content=\"article\" \/>\n<meta property=\"og:title\" content=\"Contact - Auto sur Plateau\" \/>\n<meta property=\"og:description\" content=\"Contactez nous 07.69.94.45.85 Besoin d\u2019un transport de v\u00e9hicule ? Notre \u00e9quipe est \u00e0 votre \u00e9coute pour toute demande de devis, [&hellip;]\" \/>\n<meta property=\"og:url\" content=\"https:\/\/www.autosurplateau.com\/index.php\/contact\/\" \/>\n<meta property=\"og:site_name\" content=\"Auto sur Plateau\" \/>\n<meta property=\"article:modified_time\" content=\"2025-07-13T16:06:39+00:00\" \/>\n<meta name=\"twitter:card\" content=\"summary_large_image\" \/>\n<script type=\"application\/ld+json\" class=\"yoast-schema-graph\">{\"@context\":\"https:\/\/schema.org\",\"@graph\":[{\"@type\":\"WebPage\",\"@id\":\"https:\/\/www.autosurplateau.com\/index.php\/contact\/\",\"url\":\"https:\/\/www.autosurplateau.com\/index.php\/contact\/\",\"name\":\"Contact - Auto sur Plateau\",\"isPartOf\":{\"@id\":\"https:\/\/www.autosurplateau.com\/#website\"},\"datePublished\":\"2025-07-13T15:29:00+00:00\",\"dateModified\":\"2025-07-13T16:06:39+00:00\",\"breadcrumb\":{\"@id\":\"https:\/\/www.autosurplateau.com\/index.php\/contact\/#breadcrumb\"},\"inLanguage\":\"fr-FR\",\"potentialAction\":[{\"@type\":\"ReadAction\",\"target\":[\"https:\/\/www.autosurplateau.com\/index.php\/contact\/\"]}]},{\"@type\":\"BreadcrumbList\",\"@id\":\"https:\/\/www.autosurplateau.com\/index.php\/contact\/#breadcrumb\",\"itemListElement\":[{\"@type\":\"ListItem\",\"position\":1,\"name\":\"Accueil\",\"item\":\"https:\/\/www.autosurplateau.com\/\"},{\"@type\":\"ListItem\",\"position\":2,\"name\":\"Contact\"}]},{\"@type\":\"WebSite\",\"@id\":\"https:\/\/www.autosurplateau.com\/#website\",\"url\":\"https:\/\/www.autosurplateau.com\/\",\"name\":\"Auto sur Plateau\",\"description\":\"Pour vous par nous\",\"publisher\":{\"@id\":\"https:\/\/www.autosurplateau.com\/#organization\"},\"potentialAction\":[{\"@type\":\"SearchAction\",\"target\":{\"@type\":\"EntryPoint\",\"urlTemplate\":\"https:\/\/www.autosurplateau.com\/?s={search_term_string}\"},\"query-input\":{\"@type\":\"PropertyValueSpecification\",\"valueRequired\":true,\"valueName\":\"search_term_string\"}}],\"inLanguage\":\"fr-FR\"},{\"@type\":\"Organization\",\"@id\":\"https:\/\/www.autosurplateau.com\/#organization\",\"name\":\"Auto sur Plateau\",\"url\":\"https:\/\/www.autosurplateau.com\/\",\"logo\":{\"@type\":\"ImageObject\",\"inLanguage\":\"fr-FR\",\"@id\":\"https:\/\/www.autosurplateau.com\/#\/schema\/logo\/image\/\",\"url\":\"https:\/\/www.autosurplateau.com\/wp-content\/uploads\/2025\/07\/cropped-IconOnly_Transparent_NoBuffer-1.png\",\"contentUrl\":\"https:\/\/www.autosurplateau.com\/wp-content\/uploads\/2025\/07\/cropped-IconOnly_Transparent_NoBuffer-1.png\",\"width\":70,\"height\":70,\"caption\":\"Auto sur Plateau\"},\"image\":{\"@id\":\"https:\/\/www.autosurplateau.com\/#\/schema\/logo\/image\/\"}}]}<\/script>\n<!-- \/ Yoast SEO plugin. -->","yoast_head_json":{"title":"Contact - Auto sur Plateau","robots":{"index":"index","follow":"follow","max-snippet":"max-snippet:-1","max-image-preview":"max-image-preview:large","max-video-preview":"max-video-preview:-1"},"canonical":"https:\/\/www.autosurplateau.com\/index.php\/contact\/","og_locale":"fr_FR","og_type":"article","og_title":"Contact - Auto sur Plateau","og_description":"Contactez nous 07.69.94.45.85 Besoin d\u2019un transport de v\u00e9hicule ? Notre \u00e9quipe est \u00e0 votre \u00e9coute pour toute demande de devis, [&hellip;]","og_url":"https:\/\/www.autosurplateau.com\/index.php\/contact\/","og_site_name":"Auto sur Plateau","article_modified_time":"2025-07-13T16:06:39+00:00","twitter_card":"summary_large_image","schema":{"@context":"https:\/\/schema.org","@graph":[{"@type":"WebPage","@id":"https:\/\/www.autosurplateau.com\/index.php\/contact\/","url":"https:\/\/www.autosurplateau.com\/index.php\/contact\/","name":"Contact - Auto sur Plateau","isPartOf":{"@id":"https:\/\/www.autosurplateau.com\/#website"},"datePublished":"2025-07-13T15:29:00+00:00","dateModified":"2025-07-13T16:06:39+00:00","breadcrumb":{"@id":"https:\/\/www.autosurplateau.com\/index.php\/contact\/#breadcrumb"},"inLanguage":"fr-FR","potentialAction":[{"@type":"ReadAction","target":["https:\/\/www.autosurplateau.com\/index.php\/contact\/"]}]},{"@type":"BreadcrumbList","@id":"https:\/\/www.autosurplateau.com\/index.php\/contact\/#breadcrumb","itemListElement":[{"@type":"ListItem","position":1,"name":"Accueil","item":"https:\/\/www.autosurplateau.com\/"},{"@type":"ListItem","position":2,"name":"Contact"}]},{"@type":"WebSite","@id":"https:\/\/www.autosurplateau.com\/#website","url":"https:\/\/www.autosurplateau.com\/","name":"Auto sur Plateau","description":"Pour vous par nous","publisher":{"@id":"https:\/\/www.autosurplateau.com\/#organization"},"potentialAction":[{"@type":"SearchAction","target":{"@type":"EntryPoint","urlTemplate":"https:\/\/www.autosurplateau.com\/?s={search_term_string}"},"query-input":{"@type":"PropertyValueSpecification","valueRequired":true,"valueName":"search_term_string"}}],"inLanguage":"fr-FR"},{"@type":"Organization","@id":"https:\/\/www.autosurplateau.com\/#organization","name":"Auto sur Plateau","url":"https:\/\/www.autosurplateau.com\/","logo":{"@type":"ImageObject","inLanguage":"fr-FR","@id":"https:\/\/www.autosurplateau.com\/#\/schema\/logo\/image\/","url":"https:\/\/www.autosurplateau.com\/wp-content\/uploads\/2025\/07\/cropped-IconOnly_Transparent_NoBuffer-1.png","contentUrl":"https:\/\/www.autosurplateau.com\/wp-content\/uploads\/2025\/07\/cropped-IconOnly_Transparent_NoBuffer-1.png","width":70,"height":70,"caption":"Auto sur Plateau"},"image":{"@id":"https:\/\/www.autosurplateau.com\/#\/schema\/logo\/image\/"}}]}},"_links":{"self":[{"href":"https:\/\/www.autosurplateau.com\/index.php\/wp-json\/wp\/v2\/pages\/35","targetHints":{"allow":["GET"]}}],"collection":[{"href":"https:\/\/www.autosurplateau.com\/index.php\/wp-json\/wp\/v2\/pages"}],"about":[{"href":"https:\/\/www.autosurplateau.com\/index.php\/wp-json\/wp\/v2\/types\/page"}],"author":[{"embeddable":true,"href":"https:\/\/www.autosurplateau.com\/index.php\/wp-json\/wp\/v2\/users\/1"}],"replies":[{"embeddable":true,"href":"https:\/\/www.autosurplateau.com\/index.php\/wp-json\/wp\/v2\/comments?post=35"}],"version-history":[{"count":16,"href":"https:\/\/www.autosurplateau.com\/index.php\/wp-json\/wp\/v2\/pages\/35\/revisions"}],"predecessor-version":[{"id":97,"href":"https:\/\/www.autosurplateau.com\/index.php\/wp-json\/wp\/v2\/pages\/35\/revisions\/97"}],"wp:attachment":[{"href":"https:\/\/www.autosurplateau.com\/index.php\/wp-json\/wp\/v2\/media?parent=35"}],"curies":[{"name":"wp","href":"https:\/\/api.w.org\/{rel}","templated":true}]}}