{"id":29,"date":"2025-07-13T15:28:23","date_gmt":"2025-07-13T15:28:23","guid":{"rendered":"http:\/\/www.autosurplateau.com\/?page_id=29"},"modified":"2025-07-14T05:07:20","modified_gmt":"2025-07-14T05:07:20","slug":"transport-auto","status":"publish","type":"page","link":"https:\/\/www.autosurplateau.com\/","title":{"rendered":"Acceuil"},"content":{"rendered":"\t\t<div data-elementor-type=\"wp-page\" data-elementor-id=\"29\" class=\"elementor elementor-29\">\n\t\t\t\t<div class=\"elementor-element elementor-element-07ef6d3 e-flex e-con-boxed e-con e-parent\" data-id=\"07ef6d3\" data-element_type=\"container\">\n\t\t\t\t\t<div class=\"e-con-inner\">\n\t\t\t\t<div class=\"elementor-element elementor-element-1661edb elementor-widget elementor-widget-heading\" data-id=\"1661edb\" data-element_type=\"widget\" data-widget_type=\"heading.default\">\n\t\t\t\t\t<h1 class=\"elementor-heading-title elementor-size-default\">Transport de v\u00e9hicules sur plateau<\/h1>\t\t\t\t<\/div>\n\t\t\t\t\t<\/div>\n\t\t\t\t<\/div>\n\t\t<div class=\"elementor-element elementor-element-731202f e-grid e-con-boxed e-con e-parent\" data-id=\"731202f\" data-element_type=\"container\">\n\t\t\t\t\t<div class=\"e-con-inner\">\n\t\t\t\t<div class=\"elementor-element elementor-element-49b6063 elementor-widget elementor-widget-text-editor\" data-id=\"49b6063\" data-element_type=\"widget\" data-widget_type=\"text-editor.default\">\n\t\t\t\t\t\t\t\t\t<p>Notre activit\u00e9 de Transport de v\u00e9hicules sur plateau pour particuliers \u2013 France &amp; Europe<\/p><p>Nous transportons vos v\u00e9hicules rapidement et en toute s\u00e9curit\u00e9, avec une licence +3,5T.<\/p><p>Neufs, d\u2019occasion, en panne ou accident\u00e9s : nous prenons en charge tous types de v\u00e9hicules l\u00e9gers.<\/p><p>Zone d\u2019intervention : France enti\u00e8re et Union Europ\u00e9enne<\/p>\t\t\t\t\t\t\t\t<\/div>\n\t\t\t\t<div class=\"elementor-element elementor-element-c867f27 elementor-widget elementor-widget-google_maps\" data-id=\"c867f27\" data-element_type=\"widget\" data-widget_type=\"google_maps.default\">\n\t\t\t\t\t\t\t<div class=\"elementor-custom-embed\">\n\t\t\t<iframe loading=\"lazy\"\n\t\t\t\t\tsrc=\"https:\/\/maps.google.com\/maps?q=76%20rue%20des%20casaquins%20varzay&#038;t=m&#038;z=7&#038;output=embed&#038;iwloc=near\"\n\t\t\t\t\ttitle=\"76 rue des casaquins varzay\"\n\t\t\t\t\taria-label=\"76 rue des casaquins varzay\"\n\t\t\t><\/iframe>\n\t\t<\/div>\n\t\t\t\t\t\t<\/div>\n\t\t\t\t\t<\/div>\n\t\t\t\t<\/div>\n\t\t<div class=\"elementor-element elementor-element-102fb12 e-flex e-con-boxed e-con e-parent\" data-id=\"102fb12\" data-element_type=\"container\">\n\t\t\t\t\t<div class=\"e-con-inner\">\n\t\t\t\t<div class=\"elementor-element elementor-element-23cabbf elementor-align-center elementor-widget elementor-widget-button\" data-id=\"23cabbf\" data-element_type=\"widget\" data-widget_type=\"button.default\">\n\t\t\t\t\t\t\t\t\t\t<a class=\"elementor-button elementor-button-link elementor-size-sm\" href=\"tel:07.69.94.45.85\">\n\t\t\t\t\t\t<span class=\"elementor-button-content-wrapper\">\n\t\t\t\t\t\t<span class=\"elementor-button-icon\">\n\t\t\t\t<svg aria-hidden=\"true\" class=\"e-font-icon-svg e-fas-phone-alt\" viewBox=\"0 0 512 512\" xmlns=\"http:\/\/www.w3.org\/2000\/svg\"><path d=\"M497.39 361.8l-112-48a24 24 0 0 0-28 6.9l-49.6 60.6A370.66 370.66 0 0 1 130.6 204.11l60.6-49.6a23.94 23.94 0 0 0 6.9-28l-48-112A24.16 24.16 0 0 0 122.6.61l-104 24A24 24 0 0 0 0 48c0 256.5 207.9 464 464 464a24 24 0 0 0 23.4-18.6l24-104a24.29 24.29 0 0 0-14.01-27.6z\"><\/path><\/svg>\t\t\t<\/span>\n\t\t\t\t\t\t\t\t\t<span class=\"elementor-button-text\">07.69.94.45.85<\/span>\n\t\t\t\t\t<\/span>\n\t\t\t\t\t<\/a>\n\t\t\t\t\t\t\t\t<\/div>\n\t\t\t\t\t<\/div>\n\t\t\t\t<\/div>\n\t\t<div class=\"elementor-element elementor-element-25c9317 e-flex e-con-boxed e-con e-parent\" data-id=\"25c9317\" data-element_type=\"container\">\n\t\t\t\t\t<div class=\"e-con-inner\">\n\t\t<div class=\"elementor-element elementor-element-8460ac9 e-con-full e-flex e-con e-child\" data-id=\"8460ac9\" data-element_type=\"container\">\n\t\t\t\t<div class=\"elementor-element elementor-element-79f5138 elementor-widget elementor-widget-text-editor\" data-id=\"79f5138\" data-element_type=\"widget\" data-widget_type=\"text-editor.default\">\n\t\t\t\t\t\t\t\t\t<h4 class=\"elementor-icon-box-title\">Chauffeurs professionnels<\/h4><p class=\"elementor-icon-box-description\">Nos chauffeurs sont exp\u00e9riment\u00e9s et form\u00e9s pour livrer votre v\u00e9hicule avec rigueur et ponctualit\u00e9.<\/p>\t\t\t\t\t\t\t\t<\/div>\n\t\t\t\t<\/div>\n\t\t<div class=\"elementor-element elementor-element-b81cee3 e-con-full e-flex e-con e-child\" data-id=\"b81cee3\" data-element_type=\"container\">\n\t\t\t\t<div class=\"elementor-element elementor-element-fde92d5 elementor-widget elementor-widget-text-editor\" data-id=\"fde92d5\" data-element_type=\"widget\" data-widget_type=\"text-editor.default\">\n\t\t\t\t\t\t\t\t\t<h4 class=\"elementor-icon-box-title\">Service tout inclus<\/h4><p class=\"elementor-icon-box-description\">Frais de route, \u00e9tat des lieux, assurance et suivi du v\u00e9hicule. Tout est compris dans nos formules.<\/p>\t\t\t\t\t\t\t\t<\/div>\n\t\t\t\t<\/div>\n\t\t<div class=\"elementor-element elementor-element-3d98f80 e-con-full e-flex e-con e-child\" data-id=\"3d98f80\" data-element_type=\"container\">\n\t\t\t\t<div class=\"elementor-element elementor-element-10ddcc8 elementor-widget elementor-widget-text-editor\" data-id=\"10ddcc8\" data-element_type=\"widget\" data-widget_type=\"text-editor.default\">\n\t\t\t\t\t\t\t\t\t<h4 class=\"elementor-icon-box-title\">R\u00e9activit\u00e9 sous 24\/48h<\/h4><p class=\"elementor-icon-box-description\">Nous planifions et assurons le convoyage du v\u00e9hicule dans les meilleurs d\u00e9lais, en respectant vos contraintes.<\/p>\t\t\t\t\t\t\t\t<\/div>\n\t\t\t\t<\/div>\n\t\t<div class=\"elementor-element elementor-element-096bf31 e-con-full e-flex e-con e-child\" data-id=\"096bf31\" data-element_type=\"container\">\n\t\t\t\t<div class=\"elementor-element elementor-element-dfc5743 elementor-widget elementor-widget-text-editor\" data-id=\"dfc5743\" data-element_type=\"widget\" data-widget_type=\"text-editor.default\">\n\t\t\t\t\t\t\t\t\t<h4>Organisez votre transport de v\u00e9hicule<\/h4><p>Confiez le d\u00e9placement de votre v\u00e9hicule \u00e0 nos experts<\/p><p>Transport s\u00e9curis\u00e9, rapide et disponible partout en France<\/p>\t\t\t\t\t\t\t\t<\/div>\n\t\t\t\t<\/div>\n\t\t\t\t\t<\/div>\n\t\t\t\t<\/div>\n\t\t<div class=\"elementor-element elementor-element-b16da5e e-flex e-con-boxed e-con e-parent\" data-id=\"b16da5e\" data-element_type=\"container\">\n\t\t\t\t\t<div class=\"e-con-inner\">\n\t\t\t\t<div class=\"elementor-element elementor-element-bf0d29f elementor-widget elementor-widget-image\" data-id=\"bf0d29f\" data-element_type=\"widget\" data-widget_type=\"image.default\">\n\t\t\t\t\t\t\t\t\t\t\t\t\t\t\t<img fetchpriority=\"high\" decoding=\"async\" width=\"833\" height=\"532\" src=\"https:\/\/www.autosurplateau.com\/wp-content\/uploads\/2025\/07\/plateau_camion-1.jpg\" class=\"attachment-large size-large wp-image-68\" alt=\"\" srcset=\"https:\/\/www.autosurplateau.com\/wp-content\/uploads\/2025\/07\/plateau_camion-1.jpg 833w, https:\/\/www.autosurplateau.com\/wp-content\/uploads\/2025\/07\/plateau_camion-1-300x192.jpg 300w, https:\/\/www.autosurplateau.com\/wp-content\/uploads\/2025\/07\/plateau_camion-1-768x490.jpg 768w\" sizes=\"(max-width: 833px) 100vw, 833px\" \/>\t\t\t\t\t\t\t\t\t\t\t\t\t\t\t<\/div>\n\t\t\t\t\t<\/div>\n\t\t\t\t<\/div>\n\t\t<div class=\"elementor-element elementor-element-35bb61d e-flex e-con-boxed e-con e-parent\" data-id=\"35bb61d\" data-element_type=\"container\">\n\t\t\t\t\t<div class=\"e-con-inner\">\n\t\t\t\t<div class=\"elementor-element elementor-element-17ff45a elementor-widget elementor-widget-text-editor\" data-id=\"17ff45a\" data-element_type=\"widget\" data-widget_type=\"text-editor.default\">\n\t\t\t\t\t\t\t\t\t<p><strong data-start=\"248\" data-end=\"339\">ANTS &#8211; Agence Nationale des Titres S\u00e9curis\u00e9s (Changement de propri\u00e9taire d\u2019un v\u00e9hicule)<\/strong><br data-start=\"339\" data-end=\"342\" \/>\ud83d\udc49 <a class=\"cursor-pointer\" target=\"_new\" rel=\"noopener\" data-start=\"345\" data-end=\"382\">https:\/\/immatriculation.ants.gouv.fr\/<\/a><\/p>\t\t\t\t\t\t\t\t<\/div>\n\t\t\t\t\t<\/div>\n\t\t\t\t<\/div>\n\t\t\t\t<\/div>\n\t\t","protected":false},"excerpt":{"rendered":"<p>Transport de v\u00e9hicules sur plateau Notre activit\u00e9 de Transport de v\u00e9hicules sur plateau pour particuliers \u2013 France &amp; Europe Nous [&hellip;]<\/p>\n","protected":false},"author":1,"featured_media":0,"parent":0,"menu_order":0,"comment_status":"closed","ping_status":"closed","template":"","meta":{"site-sidebar-layout":"no-sidebar","site-content-layout":"","ast-site-content-layout":"full-width-container","site-content-style":"default","site-sidebar-style":"default","ast-global-header-display":"","ast-banner-title-visibility":"","ast-main-header-display":"","ast-hfb-above-header-display":"","ast-hfb-below-header-display":"","ast-hfb-mobile-header-display":"","site-post-title":"disabled","ast-breadcrumbs-content":"","ast-featured-img":"disabled","footer-sml-layout":"","theme-transparent-header-meta":"","adv-header-id-meta":"","stick-header-meta":"","header-above-stick-meta":"","header-main-stick-meta":"","header-below-stick-meta":"","astra-migrate-meta-layouts":"default","ast-page-background-enabled":"default","ast-page-background-meta":{"desktop":{"background-color":"var(--ast-global-color-5)","background-image":"","background-repeat":"repeat","background-position":"center center","background-size":"auto","background-attachment":"scroll","background-type":"","background-media":"","overlay-type":"","overlay-color":"","overlay-opacity":"","overlay-gradient":""},"tablet":{"background-color":"","background-image":"","background-repeat":"repeat","background-position":"center center","background-size":"auto","background-attachment":"scroll","background-type":"","background-media":"","overlay-type":"","overlay-color":"","overlay-opacity":"","overlay-gradient":""},"mobile":{"background-color":"","background-image":"","background-repeat":"repeat","background-position":"center center","background-size":"auto","background-attachment":"scroll","background-type":"","background-media":"","overlay-type":"","overlay-color":"","overlay-opacity":"","overlay-gradient":""}},"ast-content-background-meta":{"desktop":{"background-color":"var(--ast-global-color-4)","background-image":"","background-repeat":"repeat","background-position":"center center","background-size":"auto","background-attachment":"scroll","background-type":"","background-media":"","overlay-type":"","overlay-color":"","overlay-opacity":"","overlay-gradient":""},"tablet":{"background-color":"var(--ast-global-color-4)","background-image":"","background-repeat":"repeat","background-position":"center center","background-size":"auto","background-attachment":"scroll","background-type":"","background-media":"","overlay-type":"","overlay-color":"","overlay-opacity":"","overlay-gradient":""},"mobile":{"background-color":"var(--ast-global-color-4)","background-image":"","background-repeat":"repeat","background-position":"center center","background-size":"auto","background-attachment":"scroll","background-type":"","background-media":"","overlay-type":"","overlay-color":"","overlay-opacity":"","overlay-gradient":""}},"footnotes":""},"class_list":["post-29","page","type-page","status-publish","hentry"],"yoast_head":"<!-- This site is optimized with the Yoast SEO plugin v25.4 - https:\/\/yoast.com\/wordpress\/plugins\/seo\/ -->\n<title>Transport v\u00e9hicules sur plateau pour Particuliers et Professionnels<\/title>\n<meta name=\"description\" content=\"Besoin de transporter votre voiture ? Service de transport de v\u00e9hicules sur plateau rapide, fiable et disponible partout en France. Devis gratuit.Transport de v\u00e9hicule sur plateau pour particuliers et pros. Intervention rapide, toutes distances, tarifs comp\u00e9titifs. Appelez-nous pour un devis !Service de transport automobile sur plateau. Voiture en panne, \u00e0 d\u00e9placer ou \u00e0 livrer ? Nous intervenons 7j\/7.\" \/>\n<meta name=\"robots\" content=\"index, follow, max-snippet:-1, max-image-preview:large, max-video-preview:-1\" \/>\n<link rel=\"canonical\" href=\"https:\/\/www.autosurplateau.com\/\" \/>\n<meta property=\"og:locale\" content=\"fr_FR\" \/>\n<meta property=\"og:type\" content=\"article\" \/>\n<meta property=\"og:title\" content=\"Transport v\u00e9hicules sur plateau pour Particuliers et Professionnels\" \/>\n<meta property=\"og:description\" content=\"Besoin de transporter votre voiture ? Service de transport de v\u00e9hicules sur plateau rapide, fiable et disponible partout en France. Devis gratuit.Transport de v\u00e9hicule sur plateau pour particuliers et pros. Intervention rapide, toutes distances, tarifs comp\u00e9titifs. Appelez-nous pour un devis !Service de transport automobile sur plateau. Voiture en panne, \u00e0 d\u00e9placer ou \u00e0 livrer ? Nous intervenons 7j\/7.\" \/>\n<meta property=\"og:url\" content=\"https:\/\/www.autosurplateau.com\/\" \/>\n<meta property=\"og:site_name\" content=\"Auto sur Plateau\" \/>\n<meta property=\"article:modified_time\" content=\"2025-07-14T05:07:20+00:00\" \/>\n<meta property=\"og:image\" content=\"https:\/\/www.autosurplateau.com\/wp-content\/uploads\/2025\/07\/plateau_camion-1.jpg\" \/>\n<meta name=\"twitter:card\" content=\"summary_large_image\" \/>\n<meta name=\"twitter:label1\" content=\"Dur\u00e9e de lecture estim\u00e9e\" \/>\n\t<meta name=\"twitter:data1\" content=\"1 minute\" \/>\n<script type=\"application\/ld+json\" class=\"yoast-schema-graph\">{\"@context\":\"https:\/\/schema.org\",\"@graph\":[{\"@type\":\"WebPage\",\"@id\":\"https:\/\/www.autosurplateau.com\/\",\"url\":\"https:\/\/www.autosurplateau.com\/\",\"name\":\"Transport v\u00e9hicules sur plateau pour Particuliers et Professionnels\",\"isPartOf\":{\"@id\":\"https:\/\/www.autosurplateau.com\/#website\"},\"primaryImageOfPage\":{\"@id\":\"https:\/\/www.autosurplateau.com\/#primaryimage\"},\"image\":{\"@id\":\"https:\/\/www.autosurplateau.com\/#primaryimage\"},\"thumbnailUrl\":\"https:\/\/www.autosurplateau.com\/wp-content\/uploads\/2025\/07\/plateau_camion-1.jpg\",\"datePublished\":\"2025-07-13T15:28:23+00:00\",\"dateModified\":\"2025-07-14T05:07:20+00:00\",\"description\":\"Besoin de transporter votre voiture ? Service de transport de v\u00e9hicules sur plateau rapide, fiable et disponible partout en France. Devis gratuit.Transport de v\u00e9hicule sur plateau pour particuliers et pros. Intervention rapide, toutes distances, tarifs comp\u00e9titifs. Appelez-nous pour un devis !Service de transport automobile sur plateau. Voiture en panne, \u00e0 d\u00e9placer ou \u00e0 livrer ? Nous intervenons 7j\/7.\",\"breadcrumb\":{\"@id\":\"https:\/\/www.autosurplateau.com\/#breadcrumb\"},\"inLanguage\":\"fr-FR\",\"potentialAction\":[{\"@type\":\"ReadAction\",\"target\":[\"https:\/\/www.autosurplateau.com\/\"]}]},{\"@type\":\"ImageObject\",\"inLanguage\":\"fr-FR\",\"@id\":\"https:\/\/www.autosurplateau.com\/#primaryimage\",\"url\":\"https:\/\/www.autosurplateau.com\/wp-content\/uploads\/2025\/07\/plateau_camion-1.jpg\",\"contentUrl\":\"https:\/\/www.autosurplateau.com\/wp-content\/uploads\/2025\/07\/plateau_camion-1.jpg\",\"width\":833,\"height\":532},{\"@type\":\"BreadcrumbList\",\"@id\":\"https:\/\/www.autosurplateau.com\/#breadcrumb\",\"itemListElement\":[{\"@type\":\"ListItem\",\"position\":1,\"name\":\"Accueil\",\"item\":\"https:\/\/www.autosurplateau.com\/\"},{\"@type\":\"ListItem\",\"position\":2,\"name\":\"Acceuil\"}]},{\"@type\":\"WebSite\",\"@id\":\"https:\/\/www.autosurplateau.com\/#website\",\"url\":\"https:\/\/www.autosurplateau.com\/\",\"name\":\"Auto sur Plateau\",\"description\":\"Pour vous par nous\",\"publisher\":{\"@id\":\"https:\/\/www.autosurplateau.com\/#organization\"},\"potentialAction\":[{\"@type\":\"SearchAction\",\"target\":{\"@type\":\"EntryPoint\",\"urlTemplate\":\"https:\/\/www.autosurplateau.com\/?s={search_term_string}\"},\"query-input\":{\"@type\":\"PropertyValueSpecification\",\"valueRequired\":true,\"valueName\":\"search_term_string\"}}],\"inLanguage\":\"fr-FR\"},{\"@type\":\"Organization\",\"@id\":\"https:\/\/www.autosurplateau.com\/#organization\",\"name\":\"Auto sur Plateau\",\"url\":\"https:\/\/www.autosurplateau.com\/\",\"logo\":{\"@type\":\"ImageObject\",\"inLanguage\":\"fr-FR\",\"@id\":\"https:\/\/www.autosurplateau.com\/#\/schema\/logo\/image\/\",\"url\":\"https:\/\/www.autosurplateau.com\/wp-content\/uploads\/2025\/07\/cropped-IconOnly_Transparent_NoBuffer-1.png\",\"contentUrl\":\"https:\/\/www.autosurplateau.com\/wp-content\/uploads\/2025\/07\/cropped-IconOnly_Transparent_NoBuffer-1.png\",\"width\":70,\"height\":70,\"caption\":\"Auto sur Plateau\"},\"image\":{\"@id\":\"https:\/\/www.autosurplateau.com\/#\/schema\/logo\/image\/\"}}]}<\/script>\n<!-- \/ Yoast SEO plugin. -->","yoast_head_json":{"title":"Transport v\u00e9hicules sur plateau pour Particuliers et Professionnels","description":"Besoin de transporter votre voiture ? Service de transport de v\u00e9hicules sur plateau rapide, fiable et disponible partout en France. Devis gratuit.Transport de v\u00e9hicule sur plateau pour particuliers et pros. Intervention rapide, toutes distances, tarifs comp\u00e9titifs. Appelez-nous pour un devis !Service de transport automobile sur plateau. Voiture en panne, \u00e0 d\u00e9placer ou \u00e0 livrer ? Nous intervenons 7j\/7.","robots":{"index":"index","follow":"follow","max-snippet":"max-snippet:-1","max-image-preview":"max-image-preview:large","max-video-preview":"max-video-preview:-1"},"canonical":"https:\/\/www.autosurplateau.com\/","og_locale":"fr_FR","og_type":"article","og_title":"Transport v\u00e9hicules sur plateau pour Particuliers et Professionnels","og_description":"Besoin de transporter votre voiture ? Service de transport de v\u00e9hicules sur plateau rapide, fiable et disponible partout en France. Devis gratuit.Transport de v\u00e9hicule sur plateau pour particuliers et pros. Intervention rapide, toutes distances, tarifs comp\u00e9titifs. Appelez-nous pour un devis !Service de transport automobile sur plateau. Voiture en panne, \u00e0 d\u00e9placer ou \u00e0 livrer ? Nous intervenons 7j\/7.","og_url":"https:\/\/www.autosurplateau.com\/","og_site_name":"Auto sur Plateau","article_modified_time":"2025-07-14T05:07:20+00:00","og_image":[{"url":"https:\/\/www.autosurplateau.com\/wp-content\/uploads\/2025\/07\/plateau_camion-1.jpg","type":"","width":"","height":""}],"twitter_card":"summary_large_image","twitter_misc":{"Dur\u00e9e de lecture estim\u00e9e":"1 minute"},"schema":{"@context":"https:\/\/schema.org","@graph":[{"@type":"WebPage","@id":"https:\/\/www.autosurplateau.com\/","url":"https:\/\/www.autosurplateau.com\/","name":"Transport v\u00e9hicules sur plateau pour Particuliers et Professionnels","isPartOf":{"@id":"https:\/\/www.autosurplateau.com\/#website"},"primaryImageOfPage":{"@id":"https:\/\/www.autosurplateau.com\/#primaryimage"},"image":{"@id":"https:\/\/www.autosurplateau.com\/#primaryimage"},"thumbnailUrl":"https:\/\/www.autosurplateau.com\/wp-content\/uploads\/2025\/07\/plateau_camion-1.jpg","datePublished":"2025-07-13T15:28:23+00:00","dateModified":"2025-07-14T05:07:20+00:00","description":"Besoin de transporter votre voiture ? Service de transport de v\u00e9hicules sur plateau rapide, fiable et disponible partout en France. Devis gratuit.Transport de v\u00e9hicule sur plateau pour particuliers et pros. Intervention rapide, toutes distances, tarifs comp\u00e9titifs. Appelez-nous pour un devis !Service de transport automobile sur plateau. Voiture en panne, \u00e0 d\u00e9placer ou \u00e0 livrer ? Nous intervenons 7j\/7.","breadcrumb":{"@id":"https:\/\/www.autosurplateau.com\/#breadcrumb"},"inLanguage":"fr-FR","potentialAction":[{"@type":"ReadAction","target":["https:\/\/www.autosurplateau.com\/"]}]},{"@type":"ImageObject","inLanguage":"fr-FR","@id":"https:\/\/www.autosurplateau.com\/#primaryimage","url":"https:\/\/www.autosurplateau.com\/wp-content\/uploads\/2025\/07\/plateau_camion-1.jpg","contentUrl":"https:\/\/www.autosurplateau.com\/wp-content\/uploads\/2025\/07\/plateau_camion-1.jpg","width":833,"height":532},{"@type":"BreadcrumbList","@id":"https:\/\/www.autosurplateau.com\/#breadcrumb","itemListElement":[{"@type":"ListItem","position":1,"name":"Accueil","item":"https:\/\/www.autosurplateau.com\/"},{"@type":"ListItem","position":2,"name":"Acceuil"}]},{"@type":"WebSite","@id":"https:\/\/www.autosurplateau.com\/#website","url":"https:\/\/www.autosurplateau.com\/","name":"Auto sur Plateau","description":"Pour vous par nous","publisher":{"@id":"https:\/\/www.autosurplateau.com\/#organization"},"potentialAction":[{"@type":"SearchAction","target":{"@type":"EntryPoint","urlTemplate":"https:\/\/www.autosurplateau.com\/?s={search_term_string}"},"query-input":{"@type":"PropertyValueSpecification","valueRequired":true,"valueName":"search_term_string"}}],"inLanguage":"fr-FR"},{"@type":"Organization","@id":"https:\/\/www.autosurplateau.com\/#organization","name":"Auto sur Plateau","url":"https:\/\/www.autosurplateau.com\/","logo":{"@type":"ImageObject","inLanguage":"fr-FR","@id":"https:\/\/www.autosurplateau.com\/#\/schema\/logo\/image\/","url":"https:\/\/www.autosurplateau.com\/wp-content\/uploads\/2025\/07\/cropped-IconOnly_Transparent_NoBuffer-1.png","contentUrl":"https:\/\/www.autosurplateau.com\/wp-content\/uploads\/2025\/07\/cropped-IconOnly_Transparent_NoBuffer-1.png","width":70,"height":70,"caption":"Auto sur Plateau"},"image":{"@id":"https:\/\/www.autosurplateau.com\/#\/schema\/logo\/image\/"}}]}},"_links":{"self":[{"href":"https:\/\/www.autosurplateau.com\/index.php\/wp-json\/wp\/v2\/pages\/29","targetHints":{"allow":["GET"]}}],"collection":[{"href":"https:\/\/www.autosurplateau.com\/index.php\/wp-json\/wp\/v2\/pages"}],"about":[{"href":"https:\/\/www.autosurplateau.com\/index.php\/wp-json\/wp\/v2\/types\/page"}],"author":[{"embeddable":true,"href":"https:\/\/www.autosurplateau.com\/index.php\/wp-json\/wp\/v2\/users\/1"}],"replies":[{"embeddable":true,"href":"https:\/\/www.autosurplateau.com\/index.php\/wp-json\/wp\/v2\/comments?post=29"}],"version-history":[{"count":40,"href":"https:\/\/www.autosurplateau.com\/index.php\/wp-json\/wp\/v2\/pages\/29\/revisions"}],"predecessor-version":[{"id":161,"href":"https:\/\/www.autosurplateau.com\/index.php\/wp-json\/wp\/v2\/pages\/29\/revisions\/161"}],"wp:attachment":[{"href":"https:\/\/www.autosurplateau.com\/index.php\/wp-json\/wp\/v2\/media?parent=29"}],"curies":[{"name":"wp","href":"https:\/\/api.w.org\/{rel}","templated":true}]}}